{"id":1915,"date":"2024-04-03T11:13:04","date_gmt":"2024-04-03T09:13:04","guid":{"rendered":"https:\/\/agshop.dev.kappuccino.net\/homepage\/"},"modified":"2024-04-30T10:51:25","modified_gmt":"2024-04-30T08:51:25","slug":"homepage","status":"publish","type":"page","link":"https:\/\/shop.antigymnastique.com\/en\/homepage\/","title":{"rendered":"Homepage"},"content":{"rendered":"\t\t<div data-elementor-type=\"wp-page\" data-elementor-id=\"1915\" class=\"elementor elementor-1915 elementor-1642\" data-elementor-post-type=\"page\">\n\t\t\t\t<div class=\"elementor-element elementor-element-64355d6 e-flex e-con-boxed e-con e-parent\" data-id=\"64355d6\" data-element_type=\"container\" data-e-type=\"container\">\n\t\t\t\t\t<div class=\"e-con-inner\">\n\t\t\t\t<div class=\"elementor-element elementor-element-91d0069 elementor-widget elementor-widget-image\" data-id=\"91d0069\" data-element_type=\"widget\" data-e-type=\"widget\" data-widget_type=\"image.default\">\n\t\t\t\t<div class=\"elementor-widget-container\">\n\t\t\t\t\t\t\t\t\t\t\t\t\t\t\t<img fetchpriority=\"high\" decoding=\"async\" width=\"980\" height=\"495\" src=\"https:\/\/shop.antigymnastique.com\/data\/uploads\/2024\/04\/home-shopag.jpg\" class=\"attachment-large size-large wp-image-1652\" alt=\"\" srcset=\"https:\/\/shop.antigymnastique.com\/data\/uploads\/2024\/04\/home-shopag.jpg 1443w, https:\/\/shop.antigymnastique.com\/data\/uploads\/2024\/04\/home-shopag-900x455.jpg 900w, https:\/\/shop.antigymnastique.com\/data\/uploads\/2024\/04\/home-shopag-768x388.jpg 768w, https:\/\/shop.antigymnastique.com\/data\/uploads\/2024\/04\/home-shopag-600x303.jpg 600w\" sizes=\"(max-width: 980px) 100vw, 980px\" \/>\t\t\t\t\t\t\t\t\t\t\t\t\t\t\t<\/div>\n\t\t\t\t<\/div>\n\t\t\t\t<div class=\"elementor-element elementor-element-004657f elementor-widget elementor-widget-heading\" data-id=\"004657f\" data-element_type=\"widget\" data-e-type=\"widget\" data-widget_type=\"heading.default\">\n\t\t\t\t<div class=\"elementor-widget-container\">\n\t\t\t\t\t<h2 class=\"elementor-heading-title elementor-size-default\">Welcome to the Antigym store<\/h2>\t\t\t\t<\/div>\n\t\t\t\t<\/div>\n\t\t\t\t\t<\/div>\n\t\t\t\t<\/div>\n\t\t<div class=\"elementor-element elementor-element-8fb1967 e-flex e-con-boxed e-con e-parent\" data-id=\"8fb1967\" data-element_type=\"container\" data-e-type=\"container\">\n\t\t\t\t\t<div class=\"e-con-inner\">\n\t\t\t\t<div class=\"elementor-element elementor-element-ce907ff elementor-widget elementor-widget-text-editor\" data-id=\"ce907ff\" data-element_type=\"widget\" data-e-type=\"widget\" data-widget_type=\"text-editor.default\">\n\t\t\t\t<div class=\"elementor-widget-container\">\n\t\t\t\t\t\t\t\t\t<p style=\"text-align: center;\">If you are a\u00a0certified Antigym practitioner, <a href=\"\/en\/my-account\/\">log in<\/a><\/p>\t\t\t\t\t\t\t\t<\/div>\n\t\t\t\t<\/div>\n\t\t\t\t\t<\/div>\n\t\t\t\t<\/div>\n\t\t\t\t<\/div>\n\t\t","protected":false},"excerpt":{"rendered":"<p>Welcome to the Antigym store If you are a\u00a0certified Antigym practitioner, log in<\/p>\n","protected":false},"author":2,"featured_media":0,"parent":0,"menu_order":0,"comment_status":"closed","ping_status":"closed","template":"","meta":{"_acf_changed":false,"footnotes":""},"class_list":["post-1915","page","type-page","status-publish","hentry"],"acf":[],"yoast_head":"<!-- This site is optimized with the Yoast SEO plugin v27.4 - https:\/\/yoast.com\/product\/yoast-seo-wordpress\/ -->\n<title>Homepage - La Boutique Antigym<\/title>\n<meta name=\"robots\" content=\"index, follow, max-snippet:-1, max-image-preview:large, max-video-preview:-1\" \/>\n<link rel=\"canonical\" href=\"https:\/\/shop.antigymnastique.com\/homepage\/\" \/>\n<meta property=\"og:locale\" content=\"en_US\" \/>\n<meta property=\"og:type\" content=\"article\" \/>\n<meta property=\"og:title\" content=\"Homepage - La Boutique Antigym\" \/>\n<meta property=\"og:description\" content=\"Welcome to the Antigym store If you are a\u00a0certified Antigym practitioner, log in\" \/>\n<meta property=\"og:url\" content=\"https:\/\/shop.antigymnastique.com\/homepage\/\" \/>\n<meta property=\"og:site_name\" content=\"La Boutique Antigym\" \/>\n<meta property=\"article:modified_time\" content=\"2024-04-30T08:51:25+00:00\" \/>\n<meta property=\"og:image\" content=\"https:\/\/agshop.dev.kappuccino.net\/data\/uploads\/2024\/04\/home-shopag.jpg\" \/>\n<meta name=\"twitter:card\" content=\"summary_large_image\" \/>\n<script type=\"application\/ld+json\" class=\"yoast-schema-graph\">{\"@context\":\"https:\\\/\\\/schema.org\",\"@graph\":[{\"@type\":\"WebPage\",\"@id\":\"https:\\\/\\\/shop.antigymnastique.com\\\/homepage\\\/\",\"url\":\"https:\\\/\\\/shop.antigymnastique.com\\\/homepage\\\/\",\"name\":\"Homepage - La Boutique Antigym\",\"isPartOf\":{\"@id\":\"https:\\\/\\\/shop.antigymnastique.com\\\/#website\"},\"primaryImageOfPage\":{\"@id\":\"https:\\\/\\\/shop.antigymnastique.com\\\/homepage\\\/#primaryimage\"},\"image\":{\"@id\":\"https:\\\/\\\/shop.antigymnastique.com\\\/homepage\\\/#primaryimage\"},\"thumbnailUrl\":\"https:\\\/\\\/agshop.dev.kappuccino.net\\\/data\\\/uploads\\\/2024\\\/04\\\/home-shopag.jpg\",\"datePublished\":\"2024-04-03T09:13:04+00:00\",\"dateModified\":\"2024-04-30T08:51:25+00:00\",\"breadcrumb\":{\"@id\":\"https:\\\/\\\/shop.antigymnastique.com\\\/homepage\\\/#breadcrumb\"},\"inLanguage\":\"en-US\",\"potentialAction\":[{\"@type\":\"ReadAction\",\"target\":[\"https:\\\/\\\/shop.antigymnastique.com\\\/homepage\\\/\"]}]},{\"@type\":\"ImageObject\",\"inLanguage\":\"en-US\",\"@id\":\"https:\\\/\\\/shop.antigymnastique.com\\\/homepage\\\/#primaryimage\",\"url\":\"https:\\\/\\\/agshop.dev.kappuccino.net\\\/data\\\/uploads\\\/2024\\\/04\\\/home-shopag.jpg\",\"contentUrl\":\"https:\\\/\\\/agshop.dev.kappuccino.net\\\/data\\\/uploads\\\/2024\\\/04\\\/home-shopag.jpg\"},{\"@type\":\"BreadcrumbList\",\"@id\":\"https:\\\/\\\/shop.antigymnastique.com\\\/homepage\\\/#breadcrumb\",\"itemListElement\":[{\"@type\":\"ListItem\",\"position\":1,\"name\":\"Home\",\"item\":\"https:\\\/\\\/shop.antigymnastique.com\\\/en\\\/\"},{\"@type\":\"ListItem\",\"position\":2,\"name\":\"Homepage\"}]},{\"@type\":\"WebSite\",\"@id\":\"https:\\\/\\\/shop.antigymnastique.com\\\/#website\",\"url\":\"https:\\\/\\\/shop.antigymnastique.com\\\/\",\"name\":\"La Boutique Antigym\",\"description\":\"La m\u00e9thode Th\u00e9r\u00e8se Bertherat\",\"potentialAction\":[{\"@type\":\"SearchAction\",\"target\":{\"@type\":\"EntryPoint\",\"urlTemplate\":\"https:\\\/\\\/shop.antigymnastique.com\\\/?s={search_term_string}\"},\"query-input\":{\"@type\":\"PropertyValueSpecification\",\"valueRequired\":true,\"valueName\":\"search_term_string\"}}],\"inLanguage\":\"en-US\"}]}<\/script>\n<!-- \/ Yoast SEO plugin. -->","yoast_head_json":{"title":"Homepage - La Boutique Antigym","robots":{"index":"index","follow":"follow","max-snippet":"max-snippet:-1","max-image-preview":"max-image-preview:large","max-video-preview":"max-video-preview:-1"},"canonical":"https:\/\/shop.antigymnastique.com\/homepage\/","og_locale":"en_US","og_type":"article","og_title":"Homepage - La Boutique Antigym","og_description":"Welcome to the Antigym store If you are a\u00a0certified Antigym practitioner, log in","og_url":"https:\/\/shop.antigymnastique.com\/homepage\/","og_site_name":"La Boutique Antigym","article_modified_time":"2024-04-30T08:51:25+00:00","og_image":[{"url":"https:\/\/agshop.dev.kappuccino.net\/data\/uploads\/2024\/04\/home-shopag.jpg","type":"","width":"","height":""}],"twitter_card":"summary_large_image","schema":{"@context":"https:\/\/schema.org","@graph":[{"@type":"WebPage","@id":"https:\/\/shop.antigymnastique.com\/homepage\/","url":"https:\/\/shop.antigymnastique.com\/homepage\/","name":"Homepage - La Boutique Antigym","isPartOf":{"@id":"https:\/\/shop.antigymnastique.com\/#website"},"primaryImageOfPage":{"@id":"https:\/\/shop.antigymnastique.com\/homepage\/#primaryimage"},"image":{"@id":"https:\/\/shop.antigymnastique.com\/homepage\/#primaryimage"},"thumbnailUrl":"https:\/\/agshop.dev.kappuccino.net\/data\/uploads\/2024\/04\/home-shopag.jpg","datePublished":"2024-04-03T09:13:04+00:00","dateModified":"2024-04-30T08:51:25+00:00","breadcrumb":{"@id":"https:\/\/shop.antigymnastique.com\/homepage\/#breadcrumb"},"inLanguage":"en-US","potentialAction":[{"@type":"ReadAction","target":["https:\/\/shop.antigymnastique.com\/homepage\/"]}]},{"@type":"ImageObject","inLanguage":"en-US","@id":"https:\/\/shop.antigymnastique.com\/homepage\/#primaryimage","url":"https:\/\/agshop.dev.kappuccino.net\/data\/uploads\/2024\/04\/home-shopag.jpg","contentUrl":"https:\/\/agshop.dev.kappuccino.net\/data\/uploads\/2024\/04\/home-shopag.jpg"},{"@type":"BreadcrumbList","@id":"https:\/\/shop.antigymnastique.com\/homepage\/#breadcrumb","itemListElement":[{"@type":"ListItem","position":1,"name":"Home","item":"https:\/\/shop.antigymnastique.com\/en\/"},{"@type":"ListItem","position":2,"name":"Homepage"}]},{"@type":"WebSite","@id":"https:\/\/shop.antigymnastique.com\/#website","url":"https:\/\/shop.antigymnastique.com\/","name":"La Boutique Antigym","description":"La m\u00e9thode Th\u00e9r\u00e8se Bertherat","potentialAction":[{"@type":"SearchAction","target":{"@type":"EntryPoint","urlTemplate":"https:\/\/shop.antigymnastique.com\/?s={search_term_string}"},"query-input":{"@type":"PropertyValueSpecification","valueRequired":true,"valueName":"search_term_string"}}],"inLanguage":"en-US"}]}},"_links":{"self":[{"href":"https:\/\/shop.antigymnastique.com\/en\/wp-json\/wp\/v2\/pages\/1915","targetHints":{"allow":["GET"]}}],"collection":[{"href":"https:\/\/shop.antigymnastique.com\/en\/wp-json\/wp\/v2\/pages"}],"about":[{"href":"https:\/\/shop.antigymnastique.com\/en\/wp-json\/wp\/v2\/types\/page"}],"author":[{"embeddable":true,"href":"https:\/\/shop.antigymnastique.com\/en\/wp-json\/wp\/v2\/users\/2"}],"replies":[{"embeddable":true,"href":"https:\/\/shop.antigymnastique.com\/en\/wp-json\/wp\/v2\/comments?post=1915"}],"version-history":[{"count":15,"href":"https:\/\/shop.antigymnastique.com\/en\/wp-json\/wp\/v2\/pages\/1915\/revisions"}],"predecessor-version":[{"id":2175,"href":"https:\/\/shop.antigymnastique.com\/en\/wp-json\/wp\/v2\/pages\/1915\/revisions\/2175"}],"wp:attachment":[{"href":"https:\/\/shop.antigymnastique.com\/en\/wp-json\/wp\/v2\/media?parent=1915"}],"curies":[{"name":"wp","href":"https:\/\/api.w.org\/{rel}","templated":true}]}}