{"id":3685,"date":"2025-02-13T12:53:42","date_gmt":"2025-02-13T11:53:42","guid":{"rendered":"https:\/\/shop.antigymnastique.com\/?post_type=product&#038;p=3685"},"modified":"2025-08-29T14:47:00","modified_gmt":"2025-08-29T12:47:00","slug":"the-doudou-18e-copie","status":"publish","type":"product","link":"https:\/\/shop.antigymnastique.com\/en\/produit\/the-doudou-18e-copie\/","title":{"rendered":"The &#8220;doudine&#8221;-15\u20ac"},"content":{"rendered":"\t\t<div data-elementor-type=\"wp-post\" data-elementor-id=\"3685\" class=\"elementor elementor-3685 elementor-3684\" data-elementor-post-type=\"product\">\n\t\t\t\t<div class=\"elementor-element elementor-element-a6230cf e-flex e-con-boxed e-con e-parent\" data-id=\"a6230cf\" data-element_type=\"container\" data-e-type=\"container\">\n\t\t\t\t\t<div class=\"e-con-inner\">\n\t\t\t\t<div class=\"elementor-element elementor-element-229efce elementor-widget elementor-widget-accordion\" data-id=\"229efce\" data-element_type=\"widget\" data-e-type=\"widget\" data-widget_type=\"accordion.default\">\n\t\t\t\t<div class=\"elementor-widget-container\">\n\t\t\t\t\t\t\t<div class=\"elementor-accordion\">\n\t\t\t\t\t\t\t<div class=\"elementor-accordion-item\">\n\t\t\t\t\t<div id=\"elementor-tab-title-3631\" class=\"elementor-tab-title\" data-tab=\"1\" role=\"button\" aria-controls=\"elementor-tab-content-3631\" aria-expanded=\"false\">\n\t\t\t\t\t\t\t\t\t\t\t\t\t<span class=\"elementor-accordion-icon elementor-accordion-icon-left\" aria-hidden=\"true\">\n\t\t\t\t\t\t\t\t\t\t\t\t\t\t\t<span class=\"elementor-accordion-icon-closed\"><svg class=\"e-font-icon-svg e-fas-plus\" viewBox=\"0 0 448 512\" xmlns=\"http:\/\/www.w3.org\/2000\/svg\"><path d=\"M416 208H272V64c0-17.67-14.33-32-32-32h-32c-17.67 0-32 14.33-32 32v144H32c-17.67 0-32 14.33-32 32v32c0 17.67 14.33 32 32 32h144v144c0 17.67 14.33 32 32 32h32c17.67 0 32-14.33 32-32V304h144c17.67 0 32-14.33 32-32v-32c0-17.67-14.33-32-32-32z\"><\/path><\/svg><\/span>\n\t\t\t\t\t\t\t\t<span class=\"elementor-accordion-icon-opened\"><svg class=\"e-font-icon-svg e-fas-minus\" viewBox=\"0 0 448 512\" xmlns=\"http:\/\/www.w3.org\/2000\/svg\"><path d=\"M416 208H32c-17.67 0-32 14.33-32 32v32c0 17.67 14.33 32 32 32h384c17.67 0 32-14.33 32-32v-32c0-17.67-14.33-32-32-32z\"><\/path><\/svg><\/span>\n\t\t\t\t\t\t\t\t\t\t\t\t\t\t<\/span>\n\t\t\t\t\t\t\t\t\t\t\t\t<a class=\"elementor-accordion-title\" tabindex=\"0\">Pr\u00e9sentation<\/a>\n\t\t\t\t\t<\/div>\n\t\t\t\t\t<div id=\"elementor-tab-content-3631\" class=\"elementor-tab-content elementor-clearfix\" data-tab=\"1\" role=\"region\" aria-labelledby=\"elementor-tab-title-3631\"><p data-start=\"0\" data-end=\"54\">Our &#8220;doudine&#8221; is a small, firm, bolster-shaped ball.<\/p><p data-start=\"56\" data-end=\"112\">Hand-sewn from cotton, it is filled with millet seeds.<\/p><p data-start=\"114\" data-end=\"260\">Our doudines are made in France by an Adapei (an association of parents and friends advocating for people with disabilities and their families).<\/p><p data-start=\"262\" data-end=\"363\" data-is-last-node=\"\"><strong data-start=\"262\" data-end=\"272\">Weight<\/strong>: 150 grams<br data-start=\"283\" data-end=\"286\" \/><strong data-start=\"286\" data-end=\"309\">Seam-to-seam length<\/strong>: 10 cm<br data-start=\"316\" data-end=\"319\" \/><strong data-start=\"319\" data-end=\"329\">Height<\/strong>: 3 cm<br data-start=\"335\" data-end=\"338\" \/><strong data-start=\"338\" data-end=\"349\">Filling<\/strong>: millet seeds<\/p><p>\u00a0<\/p><\/div>\n\t\t\t\t<\/div>\n\t\t\t\t\t\t\t\t<\/div>\n\t\t\t\t\t\t<\/div>\n\t\t\t\t<\/div>\n\t\t\t\t\t<\/div>\n\t\t\t\t<\/div>\n\t\t\t\t<\/div>\n\t\t","protected":false},"excerpt":{"rendered":"<p data-start=\"0\" data-end=\"54\">Our &#8220;doudine&#8221; is a small, firm, bolster-shaped ball.<br \/>\nHand-sewn from cotton, it is filled with millet seeds.<\/p>\n","protected":false},"featured_media":5138,"template":"","meta":{"_acf_changed":false},"compta":[37],"product_cat":[67,66],"product_tag":[],"class_list":{"0":"post-3685","1":"product","2":"type-product","3":"status-publish","4":"has-post-thumbnail","6":"product_cat-accessories","7":"product_cat-shop","8":"product_shipping_class-xml-en","10":"first","11":"instock","12":"taxable","13":"shipping-taxable","14":"purchasable","15":"product-type-simple"},"acf":[],"yoast_head":"<!-- This site is optimized with the Yoast SEO plugin v27.3 - https:\/\/yoast.com\/product\/yoast-seo-wordpress\/ -->\n<title>The &quot;doudine&quot;-15\u20ac - La Boutique Antigym<\/title>\n<meta name=\"robots\" content=\"index, follow, max-snippet:-1, max-image-preview:large, max-video-preview:-1\" \/>\n<link rel=\"canonical\" href=\"https:\/\/shop.antigymnastique.com\/en\/produit\/the-doudou-18e-copie\/\" \/>\n<meta property=\"og:locale\" content=\"en_US\" \/>\n<meta property=\"og:type\" content=\"article\" \/>\n<meta property=\"og:title\" content=\"The &quot;doudine&quot;-15\u20ac - La Boutique Antigym\" \/>\n<meta property=\"og:description\" content=\"Our &quot;doudine&quot; is a small, firm, bolster-shaped ball. Hand-sewn from cotton, it is filled with millet seeds.\" \/>\n<meta property=\"og:url\" content=\"https:\/\/shop.antigymnastique.com\/en\/produit\/the-doudou-18e-copie\/\" \/>\n<meta property=\"og:site_name\" content=\"La Boutique Antigym\" \/>\n<meta property=\"article:modified_time\" content=\"2025-08-29T12:47:00+00:00\" \/>\n<meta property=\"og:image\" content=\"https:\/\/shop.antigymnastique.com\/data\/uploads\/2024\/03\/Site-AG-2025Doudine-seule.jpg\" \/>\n\t<meta property=\"og:image:width\" content=\"380\" \/>\n\t<meta property=\"og:image:height\" content=\"380\" \/>\n\t<meta property=\"og:image:type\" content=\"image\/jpeg\" \/>\n<meta name=\"twitter:card\" content=\"summary_large_image\" \/>\n<meta name=\"twitter:label1\" content=\"Est. reading time\" \/>\n\t<meta name=\"twitter:data1\" content=\"1 minute\" \/>\n<script type=\"application\/ld+json\" class=\"yoast-schema-graph\">{\"@context\":\"https:\\\/\\\/schema.org\",\"@graph\":[{\"@type\":\"WebPage\",\"@id\":\"https:\\\/\\\/shop.antigymnastique.com\\\/en\\\/produit\\\/the-doudou-18e-copie\\\/\",\"url\":\"https:\\\/\\\/shop.antigymnastique.com\\\/en\\\/produit\\\/the-doudou-18e-copie\\\/\",\"name\":\"The \\\"doudine\\\"-15\u20ac - La Boutique Antigym\",\"isPartOf\":{\"@id\":\"https:\\\/\\\/shop.antigymnastique.com\\\/#website\"},\"primaryImageOfPage\":{\"@id\":\"https:\\\/\\\/shop.antigymnastique.com\\\/en\\\/produit\\\/the-doudou-18e-copie\\\/#primaryimage\"},\"image\":{\"@id\":\"https:\\\/\\\/shop.antigymnastique.com\\\/en\\\/produit\\\/the-doudou-18e-copie\\\/#primaryimage\"},\"thumbnailUrl\":\"https:\\\/\\\/shop.antigymnastique.com\\\/data\\\/uploads\\\/2025\\\/02\\\/doudine-dessin.jpeg\",\"datePublished\":\"2025-02-13T11:53:42+00:00\",\"dateModified\":\"2025-08-29T12:47:00+00:00\",\"breadcrumb\":{\"@id\":\"https:\\\/\\\/shop.antigymnastique.com\\\/en\\\/produit\\\/the-doudou-18e-copie\\\/#breadcrumb\"},\"inLanguage\":\"en-US\",\"potentialAction\":[{\"@type\":\"ReadAction\",\"target\":[\"https:\\\/\\\/shop.antigymnastique.com\\\/en\\\/produit\\\/the-doudou-18e-copie\\\/\"]}]},{\"@type\":\"ImageObject\",\"inLanguage\":\"en-US\",\"@id\":\"https:\\\/\\\/shop.antigymnastique.com\\\/en\\\/produit\\\/the-doudou-18e-copie\\\/#primaryimage\",\"url\":\"https:\\\/\\\/shop.antigymnastique.com\\\/data\\\/uploads\\\/2025\\\/02\\\/doudine-dessin.jpeg\",\"contentUrl\":\"https:\\\/\\\/shop.antigymnastique.com\\\/data\\\/uploads\\\/2025\\\/02\\\/doudine-dessin.jpeg\",\"width\":600,\"height\":600},{\"@type\":\"BreadcrumbList\",\"@id\":\"https:\\\/\\\/shop.antigymnastique.com\\\/en\\\/produit\\\/the-doudou-18e-copie\\\/#breadcrumb\",\"itemListElement\":[{\"@type\":\"ListItem\",\"position\":1,\"name\":\"Home\",\"item\":\"https:\\\/\\\/shop.antigymnastique.com\\\/en\\\/\"},{\"@type\":\"ListItem\",\"position\":2,\"name\":\"Shop\",\"item\":\"https:\\\/\\\/shop.antigymnastique.com\\\/en\\\/\"},{\"@type\":\"ListItem\",\"position\":3,\"name\":\"The \u00ab\u00a0doudine\u00a0\u00bb-15\u20ac\"}]},{\"@type\":\"WebSite\",\"@id\":\"https:\\\/\\\/shop.antigymnastique.com\\\/#website\",\"url\":\"https:\\\/\\\/shop.antigymnastique.com\\\/\",\"name\":\"La Boutique Antigym\",\"description\":\"La m\u00e9thode Th\u00e9r\u00e8se Bertherat\",\"potentialAction\":[{\"@type\":\"SearchAction\",\"target\":{\"@type\":\"EntryPoint\",\"urlTemplate\":\"https:\\\/\\\/shop.antigymnastique.com\\\/?s={search_term_string}\"},\"query-input\":{\"@type\":\"PropertyValueSpecification\",\"valueRequired\":true,\"valueName\":\"search_term_string\"}}],\"inLanguage\":\"en-US\"}]}<\/script>\n<!-- \/ Yoast SEO plugin. -->","yoast_head_json":{"title":"The \"doudine\"-15\u20ac - La Boutique Antigym","robots":{"index":"index","follow":"follow","max-snippet":"max-snippet:-1","max-image-preview":"max-image-preview:large","max-video-preview":"max-video-preview:-1"},"canonical":"https:\/\/shop.antigymnastique.com\/en\/produit\/the-doudou-18e-copie\/","og_locale":"en_US","og_type":"article","og_title":"The \"doudine\"-15\u20ac - La Boutique Antigym","og_description":"Our \"doudine\" is a small, firm, bolster-shaped ball. Hand-sewn from cotton, it is filled with millet seeds.","og_url":"https:\/\/shop.antigymnastique.com\/en\/produit\/the-doudou-18e-copie\/","og_site_name":"La Boutique Antigym","article_modified_time":"2025-08-29T12:47:00+00:00","og_image":[{"width":380,"height":380,"url":"https:\/\/shop.antigymnastique.com\/data\/uploads\/2024\/03\/Site-AG-2025Doudine-seule.jpg","type":"image\/jpeg"}],"twitter_card":"summary_large_image","twitter_misc":{"Est. reading time":"1 minute"},"schema":{"@context":"https:\/\/schema.org","@graph":[{"@type":"WebPage","@id":"https:\/\/shop.antigymnastique.com\/en\/produit\/the-doudou-18e-copie\/","url":"https:\/\/shop.antigymnastique.com\/en\/produit\/the-doudou-18e-copie\/","name":"The \"doudine\"-15\u20ac - La Boutique Antigym","isPartOf":{"@id":"https:\/\/shop.antigymnastique.com\/#website"},"primaryImageOfPage":{"@id":"https:\/\/shop.antigymnastique.com\/en\/produit\/the-doudou-18e-copie\/#primaryimage"},"image":{"@id":"https:\/\/shop.antigymnastique.com\/en\/produit\/the-doudou-18e-copie\/#primaryimage"},"thumbnailUrl":"https:\/\/shop.antigymnastique.com\/data\/uploads\/2025\/02\/doudine-dessin.jpeg","datePublished":"2025-02-13T11:53:42+00:00","dateModified":"2025-08-29T12:47:00+00:00","breadcrumb":{"@id":"https:\/\/shop.antigymnastique.com\/en\/produit\/the-doudou-18e-copie\/#breadcrumb"},"inLanguage":"en-US","potentialAction":[{"@type":"ReadAction","target":["https:\/\/shop.antigymnastique.com\/en\/produit\/the-doudou-18e-copie\/"]}]},{"@type":"ImageObject","inLanguage":"en-US","@id":"https:\/\/shop.antigymnastique.com\/en\/produit\/the-doudou-18e-copie\/#primaryimage","url":"https:\/\/shop.antigymnastique.com\/data\/uploads\/2025\/02\/doudine-dessin.jpeg","contentUrl":"https:\/\/shop.antigymnastique.com\/data\/uploads\/2025\/02\/doudine-dessin.jpeg","width":600,"height":600},{"@type":"BreadcrumbList","@id":"https:\/\/shop.antigymnastique.com\/en\/produit\/the-doudou-18e-copie\/#breadcrumb","itemListElement":[{"@type":"ListItem","position":1,"name":"Home","item":"https:\/\/shop.antigymnastique.com\/en\/"},{"@type":"ListItem","position":2,"name":"Shop","item":"https:\/\/shop.antigymnastique.com\/en\/"},{"@type":"ListItem","position":3,"name":"The \u00ab\u00a0doudine\u00a0\u00bb-15\u20ac"}]},{"@type":"WebSite","@id":"https:\/\/shop.antigymnastique.com\/#website","url":"https:\/\/shop.antigymnastique.com\/","name":"La Boutique Antigym","description":"La m\u00e9thode Th\u00e9r\u00e8se Bertherat","potentialAction":[{"@type":"SearchAction","target":{"@type":"EntryPoint","urlTemplate":"https:\/\/shop.antigymnastique.com\/?s={search_term_string}"},"query-input":{"@type":"PropertyValueSpecification","valueRequired":true,"valueName":"search_term_string"}}],"inLanguage":"en-US"}]}},"_links":{"self":[{"href":"https:\/\/shop.antigymnastique.com\/en\/wp-json\/wp\/v2\/product\/3685","targetHints":{"allow":["GET"]}}],"collection":[{"href":"https:\/\/shop.antigymnastique.com\/en\/wp-json\/wp\/v2\/product"}],"about":[{"href":"https:\/\/shop.antigymnastique.com\/en\/wp-json\/wp\/v2\/types\/product"}],"version-history":[{"count":6,"href":"https:\/\/shop.antigymnastique.com\/en\/wp-json\/wp\/v2\/product\/3685\/revisions"}],"predecessor-version":[{"id":4890,"href":"https:\/\/shop.antigymnastique.com\/en\/wp-json\/wp\/v2\/product\/3685\/revisions\/4890"}],"wp:featuredmedia":[{"embeddable":true,"href":"https:\/\/shop.antigymnastique.com\/en\/wp-json\/wp\/v2\/media\/5138"}],"wp:attachment":[{"href":"https:\/\/shop.antigymnastique.com\/en\/wp-json\/wp\/v2\/media?parent=3685"}],"wp:term":[{"taxonomy":"compta","embeddable":true,"href":"https:\/\/shop.antigymnastique.com\/en\/wp-json\/wp\/v2\/compta?post=3685"},{"taxonomy":"product_cat","embeddable":true,"href":"https:\/\/shop.antigymnastique.com\/en\/wp-json\/wp\/v2\/product_cat?post=3685"},{"taxonomy":"product_tag","embeddable":true,"href":"https:\/\/shop.antigymnastique.com\/en\/wp-json\/wp\/v2\/product_tag?post=3685"}],"curies":[{"name":"wp","href":"https:\/\/api.w.org\/{rel}","templated":true}]}}