{"id":6688,"date":"2026-04-28T14:19:04","date_gmt":"2026-04-28T12:19:04","guid":{"rendered":"https:\/\/shop.antigymnastique.com\/?post_type=product&#038;p=6688"},"modified":"2026-04-28T14:37:40","modified_gmt":"2026-04-28T12:37:40","slug":"kit-3-foam-balls-2-cork-balls-1-doudou-2-doudines-66e","status":"publish","type":"product","link":"https:\/\/shop.antigymnastique.com\/en\/produit\/kit-3-foam-balls-2-cork-balls-1-doudou-2-doudines-66e\/","title":{"rendered":"Kit : 3 foam balls + 2 cork balls  + 1 &#8220;doudou&#8221; + 2 &#8220;doudines&#8221; &#8211; 66\u20ac"},"content":{"rendered":"\t\t<div data-elementor-type=\"wp-post\" data-elementor-id=\"6688\" class=\"elementor elementor-6688\" data-elementor-post-type=\"product\">\n\t\t\t\t<div class=\"elementor-element elementor-element-a6230cf e-flex e-con-boxed e-con e-parent\" data-id=\"a6230cf\" data-element_type=\"container\" data-e-type=\"container\">\n\t\t\t\t\t<div class=\"e-con-inner\">\n\t\t\t\t<div class=\"elementor-element elementor-element-229efce elementor-widget elementor-widget-accordion\" data-id=\"229efce\" data-element_type=\"widget\" data-e-type=\"widget\" data-widget_type=\"accordion.default\">\n\t\t\t\t<div class=\"elementor-widget-container\">\n\t\t\t\t\t\t\t<div class=\"elementor-accordion\">\n\t\t\t\t\t\t\t<div class=\"elementor-accordion-item\">\n\t\t\t\t\t<div id=\"elementor-tab-title-3631\" class=\"elementor-tab-title\" data-tab=\"1\" role=\"button\" aria-controls=\"elementor-tab-content-3631\" aria-expanded=\"false\">\n\t\t\t\t\t\t\t\t\t\t\t\t\t<span class=\"elementor-accordion-icon elementor-accordion-icon-left\" aria-hidden=\"true\">\n\t\t\t\t\t\t\t\t\t\t\t\t\t\t\t<span class=\"elementor-accordion-icon-closed\"><svg class=\"e-font-icon-svg e-fas-plus\" viewBox=\"0 0 448 512\" xmlns=\"http:\/\/www.w3.org\/2000\/svg\"><path d=\"M416 208H272V64c0-17.67-14.33-32-32-32h-32c-17.67 0-32 14.33-32 32v144H32c-17.67 0-32 14.33-32 32v32c0 17.67 14.33 32 32 32h144v144c0 17.67 14.33 32 32 32h32c17.67 0 32-14.33 32-32V304h144c17.67 0 32-14.33 32-32v-32c0-17.67-14.33-32-32-32z\"><\/path><\/svg><\/span>\n\t\t\t\t\t\t\t\t<span class=\"elementor-accordion-icon-opened\"><svg class=\"e-font-icon-svg e-fas-minus\" viewBox=\"0 0 448 512\" xmlns=\"http:\/\/www.w3.org\/2000\/svg\"><path d=\"M416 208H32c-17.67 0-32 14.33-32 32v32c0 17.67 14.33 32 32 32h384c17.67 0 32-14.33 32-32v-32c0-17.67-14.33-32-32-32z\"><\/path><\/svg><\/span>\n\t\t\t\t\t\t\t\t\t\t\t\t\t\t<\/span>\n\t\t\t\t\t\t\t\t\t\t\t\t<a class=\"elementor-accordion-title\" tabindex=\"0\">Pr\u00e9sentation<\/a>\n\t\t\t\t\t<\/div>\n\t\t\t\t\t<div id=\"elementor-tab-content-3631\" class=\"elementor-tab-content elementor-clearfix\" data-tab=\"1\" role=\"region\" aria-labelledby=\"elementor-tab-title-3631\"><section class=\"text-token-text-primary w-full focus:outline-none [--shadow-height:45px] has-data-writing-block:pointer-events-none has-data-writing-block:-mt-(--shadow-height) has-data-writing-block:pt-(--shadow-height) [&amp;:has([data-writing-block])&gt;*]:pointer-events-auto R6Vx5W_threadScrollVars scroll-mb-[calc(var(--scroll-root-safe-area-inset-bottom,0px)+var(--thread-response-height))] scroll-mt-[calc(var(--header-height)+min(200px,max(70px,20svh)))]\" dir=\"auto\" style=\"font-style: normal; font-variant-caps: normal; font-weight: 400; letter-spacing: normal; orphans: auto; text-align: start; text-indent: 0px; text-transform: none; white-space: normal; widows: auto; word-spacing: 0px; -webkit-text-stroke-width: 0px; text-decoration: none; caret-color: #000000; color: #000000;\" data-turn-id=\"request-WEB:c2236d06-f3f7-49f3-9502-ffa7893e5933-5\" data-testid=\"conversation-turn-8\" data-scroll-anchor=\"false\" data-turn=\"assistant\"><div class=\"text-base my-auto mx-auto pb-10 [--thread-content-margin:var(--thread-content-margin-xs,calc(var(--spacing)*4))] @w-sm\/main:[--thread-content-margin:var(--thread-content-margin-sm,calc(var(--spacing)*6))] @w-lg\/main:[--thread-content-margin:var(--thread-content-margin-lg,calc(var(--spacing)*16))] px-(--thread-content-margin)\"><div class=\"[--thread-content-max-width:40rem] @w-lg\/main:[--thread-content-max-width:48rem] mx-auto max-w-(--thread-content-max-width) flex-1 group\/turn-messages focus-visible:outline-hidden relative flex w-full min-w-0 flex-col agent-turn\"><div class=\"flex max-w-full flex-col gap-4 grow\"><div class=\"min-h-8 text-message relative flex w-full flex-col items-end gap-2 text-start break-words whitespace-normal outline-none keyboard-focused:focus-ring [.text-message+&amp;]:mt-1\" dir=\"auto\" tabindex=\"0\" data-message-author-role=\"assistant\" data-message-id=\"14844cc4-9692-4a75-a4ec-c7d65f670627\" data-message-model-slug=\"gpt-5-3-mini\" data-turn-start-message=\"true\"><div class=\"flex w-full flex-col gap-1 empty:hidden\"><div class=\"markdown prose dark:prose-invert w-full wrap-break-word light markdown-new-styling\"><p data-start=\"0\" data-end=\"12\"><strong>In this kit:<\/strong><\/p><ul data-start=\"14\" data-end=\"410\" data-is-last-node=\"\" data-is-only-node=\"\"><li data-section-id=\"1aokip8\" data-start=\"14\" data-end=\"69\"><strong>1 soft foam ball<\/strong> the size of a grapefruit (\u00d8 12 cm)<\/li><li data-section-id=\"1b8skb9\" data-start=\"70\" data-end=\"122\"><strong>2 firm foam balls<\/strong> the size of an orange (\u00d8 7 cm)<\/li><li data-section-id=\"1kv95fe\" data-start=\"123\" data-end=\"169\"><strong>2 cork balls<\/strong> the size of a walnut (\u00d8 3 cm)<\/li><li data-section-id=\"1w1irc2\" data-start=\"170\" data-end=\"284\"><strong>1 \u201cdoudou\u201d<\/strong><br data-start=\"193\" data-end=\"196\" \/>Weight: 250\u2013275 g<br data-start=\"215\" data-end=\"218\" \/>Length: 19 cm<br data-start=\"233\" data-end=\"236\" \/>Diameter: 11 cm<br data-start=\"253\" data-end=\"256\" \/>Filling: spelt husk ball<br \/>The doudou is a small cushion pillow filled with spelt seeds.<br \/>It is THE Antigym<sup>\u00ae<\/sup> emblematic piece of equipment.<\/li><li data-section-id=\"1uir8za\" data-start=\"286\" data-end=\"410\" data-is-last-node=\"\"><strong>2 \u201cdoudines\u201d<\/strong><br data-start=\"318\" data-end=\"321\" \/>Weight: 150 g<br data-start=\"336\" data-end=\"339\" \/>Seam-to-seam length: 10 cm<br data-start=\"367\" data-end=\"370\" \/>Height: 3 cm<br data-start=\"384\" data-end=\"387\" \/>Filling: millet seeds<br \/>Our \u201cdoudine\u201d is a small, firm, bolster-shaped ball.<br \/>Hand-sewn from cotton, it is filled with millet seeds.<\/li><\/ul><\/div><\/div><\/div><\/div><div class=\"z-0 flex min-h-[46px] justify-start\">\u00a0<\/div><div class=\"mt-3 w-full empty:hidden\">\u00a0<\/div><\/div><\/div><\/section><\/div>\n\t\t\t\t<\/div>\n\t\t\t\t\t\t\t<div class=\"elementor-accordion-item\">\n\t\t\t\t\t<div id=\"elementor-tab-title-3632\" class=\"elementor-tab-title\" data-tab=\"2\" role=\"button\" aria-controls=\"elementor-tab-content-3632\" aria-expanded=\"false\">\n\t\t\t\t\t\t\t\t\t\t\t\t\t<span class=\"elementor-accordion-icon elementor-accordion-icon-left\" aria-hidden=\"true\">\n\t\t\t\t\t\t\t\t\t\t\t\t\t\t\t<span class=\"elementor-accordion-icon-closed\"><svg class=\"e-font-icon-svg e-fas-plus\" viewBox=\"0 0 448 512\" xmlns=\"http:\/\/www.w3.org\/2000\/svg\"><path d=\"M416 208H272V64c0-17.67-14.33-32-32-32h-32c-17.67 0-32 14.33-32 32v144H32c-17.67 0-32 14.33-32 32v32c0 17.67 14.33 32 32 32h144v144c0 17.67 14.33 32 32 32h32c17.67 0 32-14.33 32-32V304h144c17.67 0 32-14.33 32-32v-32c0-17.67-14.33-32-32-32z\"><\/path><\/svg><\/span>\n\t\t\t\t\t\t\t\t<span class=\"elementor-accordion-icon-opened\"><svg class=\"e-font-icon-svg e-fas-minus\" viewBox=\"0 0 448 512\" xmlns=\"http:\/\/www.w3.org\/2000\/svg\"><path d=\"M416 208H32c-17.67 0-32 14.33-32 32v32c0 17.67 14.33 32 32 32h384c17.67 0 32-14.33 32-32v-32c0-17.67-14.33-32-32-32z\"><\/path><\/svg><\/span>\n\t\t\t\t\t\t\t\t\t\t\t\t\t\t<\/span>\n\t\t\t\t\t\t\t\t\t\t\t\t<a class=\"elementor-accordion-title\" tabindex=\"0\">En savoir plus sur ce mat\u00e9riel<\/a>\n\t\t\t\t\t<\/div>\n\t\t\t\t\t<div id=\"elementor-tab-content-3632\" class=\"elementor-tab-content elementor-clearfix\" data-tab=\"2\" role=\"region\" aria-labelledby=\"elementor-tab-title-3632\"><div class=\"woocommerce-product-details__short-description\"><p><span class=\"st\"><strong>\u00c0 propos des balles en mousse<br \/><\/strong><\/span>Nous les avons choisies apr\u00e8s avoir test\u00e9 plusieurs mod\u00e8les et plusieurs fabricants qui proposaient des qualit\u00e9s de texture et de duret\u00e9 tr\u00e8s diff\u00e9rentes. Nous n\u2019avons pas trouv\u00e9 de fabricant en France, mais pas loin, en Allemagne, ce qui \u00e9vite les transports inutiles (depuis la Chine par exemple).<\/p><p>La petite entreprise d\u2019une vingtaine de salari\u00e9s qui fabrique ces balles travaille avec le souci de pr\u00e9server les meilleures conditions environnementales et sociales possibles.<\/p><p><em>Pour prolonger la dur\u00e9e de vie de vos balles, vous pouvez les prot\u00e9ger en les glissant dans un petit sac en tissu \u00e0 lien coulissant.<\/em><\/p><p><span class=\"st\"><strong>\u00c0 propos des balles en li\u00e8ge<br \/><\/strong>Nos balles en li\u00e8ge de 3 centim\u00e8tres de diam\u00e8tre sont achet\u00e9es directement \u00a0\u00e0 une petite entreprise du sud-ouest de la France.\u00a0<\/span><span class=\"st\">Elles sont fabriqu\u00e9es de mani\u00e8re artisanale \u00e0 partir de produits issus du ch\u00eane li\u00e8ge.\u00a0<\/span><span class=\"st\">Chaque balle est diff\u00e9rente de l\u2019autre par sa densit\u00e9, sa forme et sa couleur et c\u2019est ce que nous aimons dans ce mat\u00e9riau.<\/span><\/p><p><strong>Le \u00ab\u00a0doudou\u00a0\u00bb<\/strong>\u00a0est un charmant petit coussin en forme polochon rempli de balle d\u2019\u00e9peautre.<br \/>Cousu \u00e0 la main, en coton, il est rempli de balles d\u2019\u00e9peautre, l\u2019enveloppe de la graine du m\u00eame nom.<\/p><p><em>Nos doudous sont fabriqu\u00e9s en France par une\u00a0<span class=\"st\">Adapei (association de parents et amis qui milite en faveur des personnes handicap\u00e9es et leur famille) proche d\u2019Angers dans le Maine-et-Loire (49).\u00a0<\/span><\/em><\/p><p><em>Le doudou n&#8217;est pas lavable, vous pouvez le prot\u00e9ger en le glissant dans un petit sac en tissu \u00e0 lien coulissant.<\/em><\/p><\/div><form class=\"cart\" action=\"https:\/\/shop.antigymnastique.com\/produit\/18e-1-doudou-1\/\" enctype=\"multipart\/form-data\" method=\"post\"><div class=\"quantity_wrap\"><p><strong>La \u00ab doudine \u00bb<\/strong>\u00a0est une petite balle bien ferme en forme polochon remplie de graine de millet.<br \/>Cousue \u00e0 la main, en coton, elle est remplie de graines de millet.<\/p><p><em>Nos doudines sont fabriqu\u00e9es en France par une\u00a0<span class=\"st\">Adapei (association de parents et amis qui milite en faveur des personnes handicap\u00e9es et leur famille) proche d\u2019Angers dans le Maine-et-Loire (49).\u00a0<\/span><\/em><\/p><p><em>La doudine n&#8217;est pas lavable, vous pouvez la prot\u00e9ger en la glissant dans un petit sac en tissu \u00e0 lien coulissant.<\/em><\/p><\/div><\/form><\/div>\n\t\t\t\t<\/div>\n\t\t\t\t\t\t\t\t<\/div>\n\t\t\t\t\t\t<\/div>\n\t\t\t\t<\/div>\n\t\t\t\t\t<\/div>\n\t\t\t\t<\/div>\n\t\t<div class=\"elementor-element elementor-element-55c4dec e-flex e-con-boxed e-con e-parent\" data-id=\"55c4dec\" data-element_type=\"container\" data-e-type=\"container\">\n\t\t\t\t\t<div class=\"e-con-inner\">\n\t\t\t\t\t<\/div>\n\t\t\t\t<\/div>\n\t\t\t\t<\/div>\n\t\t","protected":false},"excerpt":{"rendered":"<p>1 &#8220;doudou&#8221;<br \/>\n2 &#8220;doudines&#8221;<br \/>\n1 foam ball the size of a grapefruit<br data-start=\"36\" data-end=\"39\" \/>2 foam balls the size of an orange<br data-start=\"73\" data-end=\"76\" \/>2 cork balls the size of a walnut<\/p>\n<p><em>The materials included in this kit are designed to facilitate movement and help better identify the different parts of the body.<\/em><\/p>\n","protected":false},"featured_media":5086,"template":"","meta":{"_acf_changed":false},"compta":[37],"product_cat":[67,66],"product_tag":[],"class_list":{"0":"post-6688","1":"product","2":"type-product","3":"status-publish","4":"has-post-thumbnail","6":"product_cat-accessories","7":"product_cat-shop","8":"product_shipping_class-xml-en","10":"first","11":"instock","12":"taxable","13":"shipping-taxable","14":"purchasable","15":"product-type-simple"},"acf":[],"yoast_head":"<!-- This site is optimized with the Yoast SEO plugin v27.4 - https:\/\/yoast.com\/product\/yoast-seo-wordpress\/ -->\n<title>Kit : 3 foam balls + 2 cork balls + 1 &quot;doudou&quot; + 2 &quot;doudines&quot; - 66\u20ac - La Boutique Antigym<\/title>\n<meta name=\"robots\" content=\"index, follow, max-snippet:-1, max-image-preview:large, max-video-preview:-1\" \/>\n<link rel=\"canonical\" href=\"https:\/\/shop.antigymnastique.com\/en\/produit\/kit-3-foam-balls-2-cork-balls-1-doudou-2-doudines-66e\/\" \/>\n<meta property=\"og:locale\" content=\"en_US\" \/>\n<meta property=\"og:type\" content=\"article\" \/>\n<meta property=\"og:title\" content=\"Kit : 3 foam balls + 2 cork balls + 1 &quot;doudou&quot; + 2 &quot;doudines&quot; - 66\u20ac - La Boutique Antigym\" \/>\n<meta property=\"og:description\" content=\"1 &quot;doudou&quot; 2 &quot;doudines&quot; 1 foam ball the size of a grapefruit2 foam balls the size of an orange2 cork balls the size of a walnut  The materials included in this kit are designed to facilitate movement and help better identify the different parts of the body.\" \/>\n<meta property=\"og:url\" content=\"https:\/\/shop.antigymnastique.com\/en\/produit\/kit-3-foam-balls-2-cork-balls-1-doudou-2-doudines-66e\/\" \/>\n<meta property=\"og:site_name\" content=\"La Boutique Antigym\" \/>\n<meta property=\"article:modified_time\" content=\"2026-04-28T12:37:40+00:00\" \/>\n<meta property=\"og:image\" content=\"https:\/\/shop.antigymnastique.com\/data\/uploads\/2025\/09\/Kit-3-balles-en-mousse-2-balles-en-liege-1-dd-A-1dine.jpeg\" \/>\n\t<meta property=\"og:image:width\" content=\"600\" \/>\n\t<meta property=\"og:image:height\" content=\"600\" \/>\n\t<meta property=\"og:image:type\" content=\"image\/jpeg\" \/>\n<meta name=\"twitter:card\" content=\"summary_large_image\" \/>\n<meta name=\"twitter:label1\" content=\"Est. reading time\" \/>\n\t<meta name=\"twitter:data1\" content=\"3 minutes\" \/>\n<script type=\"application\/ld+json\" class=\"yoast-schema-graph\">{\"@context\":\"https:\\\/\\\/schema.org\",\"@graph\":[{\"@type\":\"WebPage\",\"@id\":\"https:\\\/\\\/shop.antigymnastique.com\\\/en\\\/produit\\\/kit-3-foam-balls-2-cork-balls-1-doudou-2-doudines-66e\\\/\",\"url\":\"https:\\\/\\\/shop.antigymnastique.com\\\/en\\\/produit\\\/kit-3-foam-balls-2-cork-balls-1-doudou-2-doudines-66e\\\/\",\"name\":\"Kit : 3 foam balls + 2 cork balls + 1 \\\"doudou\\\" + 2 \\\"doudines\\\" - 66\u20ac - La Boutique Antigym\",\"isPartOf\":{\"@id\":\"https:\\\/\\\/shop.antigymnastique.com\\\/#website\"},\"primaryImageOfPage\":{\"@id\":\"https:\\\/\\\/shop.antigymnastique.com\\\/en\\\/produit\\\/kit-3-foam-balls-2-cork-balls-1-doudou-2-doudines-66e\\\/#primaryimage\"},\"image\":{\"@id\":\"https:\\\/\\\/shop.antigymnastique.com\\\/en\\\/produit\\\/kit-3-foam-balls-2-cork-balls-1-doudou-2-doudines-66e\\\/#primaryimage\"},\"thumbnailUrl\":\"https:\\\/\\\/shop.antigymnastique.com\\\/data\\\/uploads\\\/2025\\\/09\\\/Kit-3-balles-en-mousse-2-balles-en-liege-1-dd-A-1dine.jpeg\",\"datePublished\":\"2026-04-28T12:19:04+00:00\",\"dateModified\":\"2026-04-28T12:37:40+00:00\",\"breadcrumb\":{\"@id\":\"https:\\\/\\\/shop.antigymnastique.com\\\/en\\\/produit\\\/kit-3-foam-balls-2-cork-balls-1-doudou-2-doudines-66e\\\/#breadcrumb\"},\"inLanguage\":\"en-US\",\"potentialAction\":[{\"@type\":\"ReadAction\",\"target\":[\"https:\\\/\\\/shop.antigymnastique.com\\\/en\\\/produit\\\/kit-3-foam-balls-2-cork-balls-1-doudou-2-doudines-66e\\\/\"]}]},{\"@type\":\"ImageObject\",\"inLanguage\":\"en-US\",\"@id\":\"https:\\\/\\\/shop.antigymnastique.com\\\/en\\\/produit\\\/kit-3-foam-balls-2-cork-balls-1-doudou-2-doudines-66e\\\/#primaryimage\",\"url\":\"https:\\\/\\\/shop.antigymnastique.com\\\/data\\\/uploads\\\/2025\\\/09\\\/Kit-3-balles-en-mousse-2-balles-en-liege-1-dd-A-1dine.jpeg\",\"contentUrl\":\"https:\\\/\\\/shop.antigymnastique.com\\\/data\\\/uploads\\\/2025\\\/09\\\/Kit-3-balles-en-mousse-2-balles-en-liege-1-dd-A-1dine.jpeg\",\"width\":600,\"height\":600},{\"@type\":\"BreadcrumbList\",\"@id\":\"https:\\\/\\\/shop.antigymnastique.com\\\/en\\\/produit\\\/kit-3-foam-balls-2-cork-balls-1-doudou-2-doudines-66e\\\/#breadcrumb\",\"itemListElement\":[{\"@type\":\"ListItem\",\"position\":1,\"name\":\"Home\",\"item\":\"https:\\\/\\\/shop.antigymnastique.com\\\/en\\\/\"},{\"@type\":\"ListItem\",\"position\":2,\"name\":\"Shop\",\"item\":\"https:\\\/\\\/shop.antigymnastique.com\\\/en\\\/\"},{\"@type\":\"ListItem\",\"position\":3,\"name\":\"Kit : 3 foam balls + 2 cork balls + 1 \u00ab\u00a0doudou\u00a0\u00bb + 2 \u00ab\u00a0doudines\u00a0\u00bb &#8211; 66\u20ac\"}]},{\"@type\":\"WebSite\",\"@id\":\"https:\\\/\\\/shop.antigymnastique.com\\\/#website\",\"url\":\"https:\\\/\\\/shop.antigymnastique.com\\\/\",\"name\":\"La Boutique Antigym\",\"description\":\"La m\u00e9thode Th\u00e9r\u00e8se Bertherat\",\"potentialAction\":[{\"@type\":\"SearchAction\",\"target\":{\"@type\":\"EntryPoint\",\"urlTemplate\":\"https:\\\/\\\/shop.antigymnastique.com\\\/?s={search_term_string}\"},\"query-input\":{\"@type\":\"PropertyValueSpecification\",\"valueRequired\":true,\"valueName\":\"search_term_string\"}}],\"inLanguage\":\"en-US\"}]}<\/script>\n<!-- \/ Yoast SEO plugin. -->","yoast_head_json":{"title":"Kit : 3 foam balls + 2 cork balls + 1 \"doudou\" + 2 \"doudines\" - 66\u20ac - La Boutique Antigym","robots":{"index":"index","follow":"follow","max-snippet":"max-snippet:-1","max-image-preview":"max-image-preview:large","max-video-preview":"max-video-preview:-1"},"canonical":"https:\/\/shop.antigymnastique.com\/en\/produit\/kit-3-foam-balls-2-cork-balls-1-doudou-2-doudines-66e\/","og_locale":"en_US","og_type":"article","og_title":"Kit : 3 foam balls + 2 cork balls + 1 \"doudou\" + 2 \"doudines\" - 66\u20ac - La Boutique Antigym","og_description":"1 \"doudou\" 2 \"doudines\" 1 foam ball the size of a grapefruit2 foam balls the size of an orange2 cork balls the size of a walnut  The materials included in this kit are designed to facilitate movement and help better identify the different parts of the body.","og_url":"https:\/\/shop.antigymnastique.com\/en\/produit\/kit-3-foam-balls-2-cork-balls-1-doudou-2-doudines-66e\/","og_site_name":"La Boutique Antigym","article_modified_time":"2026-04-28T12:37:40+00:00","og_image":[{"width":600,"height":600,"url":"https:\/\/shop.antigymnastique.com\/data\/uploads\/2025\/09\/Kit-3-balles-en-mousse-2-balles-en-liege-1-dd-A-1dine.jpeg","type":"image\/jpeg"}],"twitter_card":"summary_large_image","twitter_misc":{"Est. reading time":"3 minutes"},"schema":{"@context":"https:\/\/schema.org","@graph":[{"@type":"WebPage","@id":"https:\/\/shop.antigymnastique.com\/en\/produit\/kit-3-foam-balls-2-cork-balls-1-doudou-2-doudines-66e\/","url":"https:\/\/shop.antigymnastique.com\/en\/produit\/kit-3-foam-balls-2-cork-balls-1-doudou-2-doudines-66e\/","name":"Kit : 3 foam balls + 2 cork balls + 1 \"doudou\" + 2 \"doudines\" - 66\u20ac - La Boutique Antigym","isPartOf":{"@id":"https:\/\/shop.antigymnastique.com\/#website"},"primaryImageOfPage":{"@id":"https:\/\/shop.antigymnastique.com\/en\/produit\/kit-3-foam-balls-2-cork-balls-1-doudou-2-doudines-66e\/#primaryimage"},"image":{"@id":"https:\/\/shop.antigymnastique.com\/en\/produit\/kit-3-foam-balls-2-cork-balls-1-doudou-2-doudines-66e\/#primaryimage"},"thumbnailUrl":"https:\/\/shop.antigymnastique.com\/data\/uploads\/2025\/09\/Kit-3-balles-en-mousse-2-balles-en-liege-1-dd-A-1dine.jpeg","datePublished":"2026-04-28T12:19:04+00:00","dateModified":"2026-04-28T12:37:40+00:00","breadcrumb":{"@id":"https:\/\/shop.antigymnastique.com\/en\/produit\/kit-3-foam-balls-2-cork-balls-1-doudou-2-doudines-66e\/#breadcrumb"},"inLanguage":"en-US","potentialAction":[{"@type":"ReadAction","target":["https:\/\/shop.antigymnastique.com\/en\/produit\/kit-3-foam-balls-2-cork-balls-1-doudou-2-doudines-66e\/"]}]},{"@type":"ImageObject","inLanguage":"en-US","@id":"https:\/\/shop.antigymnastique.com\/en\/produit\/kit-3-foam-balls-2-cork-balls-1-doudou-2-doudines-66e\/#primaryimage","url":"https:\/\/shop.antigymnastique.com\/data\/uploads\/2025\/09\/Kit-3-balles-en-mousse-2-balles-en-liege-1-dd-A-1dine.jpeg","contentUrl":"https:\/\/shop.antigymnastique.com\/data\/uploads\/2025\/09\/Kit-3-balles-en-mousse-2-balles-en-liege-1-dd-A-1dine.jpeg","width":600,"height":600},{"@type":"BreadcrumbList","@id":"https:\/\/shop.antigymnastique.com\/en\/produit\/kit-3-foam-balls-2-cork-balls-1-doudou-2-doudines-66e\/#breadcrumb","itemListElement":[{"@type":"ListItem","position":1,"name":"Home","item":"https:\/\/shop.antigymnastique.com\/en\/"},{"@type":"ListItem","position":2,"name":"Shop","item":"https:\/\/shop.antigymnastique.com\/en\/"},{"@type":"ListItem","position":3,"name":"Kit : 3 foam balls + 2 cork balls + 1 \u00ab\u00a0doudou\u00a0\u00bb + 2 \u00ab\u00a0doudines\u00a0\u00bb &#8211; 66\u20ac"}]},{"@type":"WebSite","@id":"https:\/\/shop.antigymnastique.com\/#website","url":"https:\/\/shop.antigymnastique.com\/","name":"La Boutique Antigym","description":"La m\u00e9thode Th\u00e9r\u00e8se Bertherat","potentialAction":[{"@type":"SearchAction","target":{"@type":"EntryPoint","urlTemplate":"https:\/\/shop.antigymnastique.com\/?s={search_term_string}"},"query-input":{"@type":"PropertyValueSpecification","valueRequired":true,"valueName":"search_term_string"}}],"inLanguage":"en-US"}]}},"_links":{"self":[{"href":"https:\/\/shop.antigymnastique.com\/en\/wp-json\/wp\/v2\/product\/6688","targetHints":{"allow":["GET"]}}],"collection":[{"href":"https:\/\/shop.antigymnastique.com\/en\/wp-json\/wp\/v2\/product"}],"about":[{"href":"https:\/\/shop.antigymnastique.com\/en\/wp-json\/wp\/v2\/types\/product"}],"version-history":[{"count":14,"href":"https:\/\/shop.antigymnastique.com\/en\/wp-json\/wp\/v2\/product\/6688\/revisions"}],"predecessor-version":[{"id":6703,"href":"https:\/\/shop.antigymnastique.com\/en\/wp-json\/wp\/v2\/product\/6688\/revisions\/6703"}],"wp:featuredmedia":[{"embeddable":true,"href":"https:\/\/shop.antigymnastique.com\/en\/wp-json\/wp\/v2\/media\/5086"}],"wp:attachment":[{"href":"https:\/\/shop.antigymnastique.com\/en\/wp-json\/wp\/v2\/media?parent=6688"}],"wp:term":[{"taxonomy":"compta","embeddable":true,"href":"https:\/\/shop.antigymnastique.com\/en\/wp-json\/wp\/v2\/compta?post=6688"},{"taxonomy":"product_cat","embeddable":true,"href":"https:\/\/shop.antigymnastique.com\/en\/wp-json\/wp\/v2\/product_cat?post=6688"},{"taxonomy":"product_tag","embeddable":true,"href":"https:\/\/shop.antigymnastique.com\/en\/wp-json\/wp\/v2\/product_tag?post=6688"}],"curies":[{"name":"wp","href":"https:\/\/api.w.org\/{rel}","templated":true}]}}