{"id":840,"date":"2024-01-19T15:05:07","date_gmt":"2024-01-19T14:05:07","guid":{"rendered":"https:\/\/agshop.dev.kappuccino.net\/contacto\/"},"modified":"2024-03-20T15:23:50","modified_gmt":"2024-03-20T14:23:50","slug":"contacto","status":"publish","type":"page","link":"https:\/\/shop.antigymnastique.com\/es\/contacto\/","title":{"rendered":"Contacto"},"content":{"rendered":"\t\t<div data-elementor-type=\"wp-page\" data-elementor-id=\"840\" class=\"elementor elementor-840 elementor-77\" data-elementor-post-type=\"page\">\n\t\t\t\t<div class=\"elementor-element elementor-element-0d56eb4 e-flex e-con-boxed e-con e-parent\" data-id=\"0d56eb4\" data-element_type=\"container\" data-e-type=\"container\">\n\t\t\t\t\t<div class=\"e-con-inner\">\n\t\t\t\t<div class=\"elementor-element elementor-element-3657b13 elementor-widget elementor-widget-text-editor\" data-id=\"3657b13\" data-element_type=\"widget\" data-e-type=\"widget\" data-widget_type=\"text-editor.default\">\n\t\t\t\t<div class=\"elementor-widget-container\">\n\t\t\t\t\t\t\t\t\t<p>No dude en escribirnos, le responderemos lo antes posible.<br \/>Tambi\u00e9n puede contactarnos por tel\u00e9fono al:<br \/><strong>+00 33 (0)1 40 46 92 19<\/strong><\/p>\n\t\t\t\t\t\t\t\t<\/div>\n\t\t\t\t<\/div>\n\t\t\t\t\t<\/div>\n\t\t\t\t<\/div>\n\t\t\t\t<\/div>\n\t\t","protected":false},"excerpt":{"rendered":"<p>No dude en escribirnos, le responderemos lo antes posible.Tambi\u00e9n puede contactarnos por tel\u00e9fono al:+00 33 (0)1 40 46 92 19 Nom, Pr\u00e9nom Votre adresse e-mail Objet Votre message<\/p>\n","protected":false},"author":2,"featured_media":0,"parent":0,"menu_order":0,"comment_status":"closed","ping_status":"closed","template":"","meta":{"_acf_changed":false,"footnotes":""},"class_list":["post-840","page","type-page","status-publish","hentry"],"acf":[],"yoast_head":"<!-- This site is optimized with the Yoast SEO plugin v27.3 - https:\/\/yoast.com\/product\/yoast-seo-wordpress\/ -->\n<title>Contacto - La Boutique Antigym<\/title>\n<meta name=\"robots\" content=\"index, follow, max-snippet:-1, max-image-preview:large, max-video-preview:-1\" \/>\n<link rel=\"canonical\" href=\"https:\/\/shop.antigymnastique.com\/es\/contacto\/\" \/>\n<meta property=\"og:locale\" content=\"es_ES\" \/>\n<meta property=\"og:type\" content=\"article\" \/>\n<meta property=\"og:title\" content=\"Contacto - La Boutique Antigym\" \/>\n<meta property=\"og:description\" content=\"No dude en escribirnos, le responderemos lo antes posible.Tambi\u00e9n puede contactarnos por tel\u00e9fono al:+00 33 (0)1 40 46 92 19 Nom, Pr\u00e9nom Votre adresse e-mail Objet Votre message\" \/>\n<meta property=\"og:url\" content=\"https:\/\/shop.antigymnastique.com\/es\/contacto\/\" \/>\n<meta property=\"og:site_name\" content=\"La Boutique Antigym\" \/>\n<meta property=\"article:modified_time\" content=\"2024-03-20T14:23:50+00:00\" \/>\n<meta name=\"twitter:card\" content=\"summary_large_image\" \/>\n<script type=\"application\/ld+json\" class=\"yoast-schema-graph\">{\"@context\":\"https:\\\/\\\/schema.org\",\"@graph\":[{\"@type\":\"WebPage\",\"@id\":\"https:\\\/\\\/shop.antigymnastique.com\\\/es\\\/contacto\\\/\",\"url\":\"https:\\\/\\\/shop.antigymnastique.com\\\/es\\\/contacto\\\/\",\"name\":\"Contacto - La Boutique Antigym\",\"isPartOf\":{\"@id\":\"https:\\\/\\\/shop.antigymnastique.com\\\/#website\"},\"datePublished\":\"2024-01-19T14:05:07+00:00\",\"dateModified\":\"2024-03-20T14:23:50+00:00\",\"breadcrumb\":{\"@id\":\"https:\\\/\\\/shop.antigymnastique.com\\\/es\\\/contacto\\\/#breadcrumb\"},\"inLanguage\":\"es\",\"potentialAction\":[{\"@type\":\"ReadAction\",\"target\":[\"https:\\\/\\\/shop.antigymnastique.com\\\/es\\\/contacto\\\/\"]}]},{\"@type\":\"BreadcrumbList\",\"@id\":\"https:\\\/\\\/shop.antigymnastique.com\\\/es\\\/contacto\\\/#breadcrumb\",\"itemListElement\":[{\"@type\":\"ListItem\",\"position\":1,\"name\":\"Home\",\"item\":\"https:\\\/\\\/shop.antigymnastique.com\\\/es\\\/\"},{\"@type\":\"ListItem\",\"position\":2,\"name\":\"Contacto\"}]},{\"@type\":\"WebSite\",\"@id\":\"https:\\\/\\\/shop.antigymnastique.com\\\/#website\",\"url\":\"https:\\\/\\\/shop.antigymnastique.com\\\/\",\"name\":\"La Boutique Antigym\",\"description\":\"La m\u00e9thode Th\u00e9r\u00e8se Bertherat\",\"potentialAction\":[{\"@type\":\"SearchAction\",\"target\":{\"@type\":\"EntryPoint\",\"urlTemplate\":\"https:\\\/\\\/shop.antigymnastique.com\\\/?s={search_term_string}\"},\"query-input\":{\"@type\":\"PropertyValueSpecification\",\"valueRequired\":true,\"valueName\":\"search_term_string\"}}],\"inLanguage\":\"es\"}]}<\/script>\n<!-- \/ Yoast SEO plugin. -->","yoast_head_json":{"title":"Contacto - La Boutique Antigym","robots":{"index":"index","follow":"follow","max-snippet":"max-snippet:-1","max-image-preview":"max-image-preview:large","max-video-preview":"max-video-preview:-1"},"canonical":"https:\/\/shop.antigymnastique.com\/es\/contacto\/","og_locale":"es_ES","og_type":"article","og_title":"Contacto - La Boutique Antigym","og_description":"No dude en escribirnos, le responderemos lo antes posible.Tambi\u00e9n puede contactarnos por tel\u00e9fono al:+00 33 (0)1 40 46 92 19 Nom, Pr\u00e9nom Votre adresse e-mail Objet Votre message","og_url":"https:\/\/shop.antigymnastique.com\/es\/contacto\/","og_site_name":"La Boutique Antigym","article_modified_time":"2024-03-20T14:23:50+00:00","twitter_card":"summary_large_image","schema":{"@context":"https:\/\/schema.org","@graph":[{"@type":"WebPage","@id":"https:\/\/shop.antigymnastique.com\/es\/contacto\/","url":"https:\/\/shop.antigymnastique.com\/es\/contacto\/","name":"Contacto - La Boutique Antigym","isPartOf":{"@id":"https:\/\/shop.antigymnastique.com\/#website"},"datePublished":"2024-01-19T14:05:07+00:00","dateModified":"2024-03-20T14:23:50+00:00","breadcrumb":{"@id":"https:\/\/shop.antigymnastique.com\/es\/contacto\/#breadcrumb"},"inLanguage":"es","potentialAction":[{"@type":"ReadAction","target":["https:\/\/shop.antigymnastique.com\/es\/contacto\/"]}]},{"@type":"BreadcrumbList","@id":"https:\/\/shop.antigymnastique.com\/es\/contacto\/#breadcrumb","itemListElement":[{"@type":"ListItem","position":1,"name":"Home","item":"https:\/\/shop.antigymnastique.com\/es\/"},{"@type":"ListItem","position":2,"name":"Contacto"}]},{"@type":"WebSite","@id":"https:\/\/shop.antigymnastique.com\/#website","url":"https:\/\/shop.antigymnastique.com\/","name":"La Boutique Antigym","description":"La m\u00e9thode Th\u00e9r\u00e8se Bertherat","potentialAction":[{"@type":"SearchAction","target":{"@type":"EntryPoint","urlTemplate":"https:\/\/shop.antigymnastique.com\/?s={search_term_string}"},"query-input":{"@type":"PropertyValueSpecification","valueRequired":true,"valueName":"search_term_string"}}],"inLanguage":"es"}]}},"_links":{"self":[{"href":"https:\/\/shop.antigymnastique.com\/es\/wp-json\/wp\/v2\/pages\/840","targetHints":{"allow":["GET"]}}],"collection":[{"href":"https:\/\/shop.antigymnastique.com\/es\/wp-json\/wp\/v2\/pages"}],"about":[{"href":"https:\/\/shop.antigymnastique.com\/es\/wp-json\/wp\/v2\/types\/page"}],"author":[{"embeddable":true,"href":"https:\/\/shop.antigymnastique.com\/es\/wp-json\/wp\/v2\/users\/2"}],"replies":[{"embeddable":true,"href":"https:\/\/shop.antigymnastique.com\/es\/wp-json\/wp\/v2\/comments?post=840"}],"version-history":[{"count":3,"href":"https:\/\/shop.antigymnastique.com\/es\/wp-json\/wp\/v2\/pages\/840\/revisions"}],"predecessor-version":[{"id":844,"href":"https:\/\/shop.antigymnastique.com\/es\/wp-json\/wp\/v2\/pages\/840\/revisions\/844"}],"wp:attachment":[{"href":"https:\/\/shop.antigymnastique.com\/es\/wp-json\/wp\/v2\/media?parent=840"}],"curies":[{"name":"wp","href":"https:\/\/api.w.org\/{rel}","templated":true}]}}