{"id":1122,"date":"2024-03-04T10:54:28","date_gmt":"2024-03-04T09:54:28","guid":{"rendered":"https:\/\/agshop.dev.kappuccino.net\/produit\/18e-1-doudou-1\/"},"modified":"2026-03-06T17:59:28","modified_gmt":"2026-03-06T16:59:28","slug":"18e-1-doudou-1","status":"publish","type":"product","link":"https:\/\/shop.antigymnastique.com\/es\/produit\/18e-1-doudou-1\/","title":{"rendered":"El \u00abdoudou\u00bb-20\u20ac"},"content":{"rendered":"\t\t<div data-elementor-type=\"wp-post\" data-elementor-id=\"1122\" class=\"elementor elementor-1122 elementor-338\" data-elementor-post-type=\"product\">\n\t\t\t\t<div class=\"elementor-element elementor-element-a6230cf e-flex e-con-boxed e-con e-parent\" data-id=\"a6230cf\" data-element_type=\"container\" data-e-type=\"container\">\n\t\t\t\t\t<div class=\"e-con-inner\">\n\t\t\t\t<div class=\"elementor-element elementor-element-229efce elementor-widget elementor-widget-accordion\" data-id=\"229efce\" data-element_type=\"widget\" data-e-type=\"widget\" data-widget_type=\"accordion.default\">\n\t\t\t\t<div class=\"elementor-widget-container\">\n\t\t\t\t\t\t\t<div class=\"elementor-accordion\">\n\t\t\t\t\t\t\t<div class=\"elementor-accordion-item\">\n\t\t\t\t\t<div id=\"elementor-tab-title-3631\" class=\"elementor-tab-title\" data-tab=\"1\" role=\"button\" aria-controls=\"elementor-tab-content-3631\" aria-expanded=\"false\">\n\t\t\t\t\t\t\t\t\t\t\t\t\t<span class=\"elementor-accordion-icon elementor-accordion-icon-left\" aria-hidden=\"true\">\n\t\t\t\t\t\t\t\t\t\t\t\t\t\t\t<span class=\"elementor-accordion-icon-closed\"><svg class=\"e-font-icon-svg e-fas-plus\" viewBox=\"0 0 448 512\" xmlns=\"http:\/\/www.w3.org\/2000\/svg\"><path d=\"M416 208H272V64c0-17.67-14.33-32-32-32h-32c-17.67 0-32 14.33-32 32v144H32c-17.67 0-32 14.33-32 32v32c0 17.67 14.33 32 32 32h144v144c0 17.67 14.33 32 32 32h32c17.67 0 32-14.33 32-32V304h144c17.67 0 32-14.33 32-32v-32c0-17.67-14.33-32-32-32z\"><\/path><\/svg><\/span>\n\t\t\t\t\t\t\t\t<span class=\"elementor-accordion-icon-opened\"><svg class=\"e-font-icon-svg e-fas-minus\" viewBox=\"0 0 448 512\" xmlns=\"http:\/\/www.w3.org\/2000\/svg\"><path d=\"M416 208H32c-17.67 0-32 14.33-32 32v32c0 17.67 14.33 32 32 32h384c17.67 0 32-14.33 32-32v-32c0-17.67-14.33-32-32-32z\"><\/path><\/svg><\/span>\n\t\t\t\t\t\t\t\t\t\t\t\t\t\t<\/span>\n\t\t\t\t\t\t\t\t\t\t\t\t<a class=\"elementor-accordion-title\" tabindex=\"0\">Description<\/a>\n\t\t\t\t\t<\/div>\n\t\t\t\t\t<div id=\"elementor-tab-content-3631\" class=\"elementor-tab-content elementor-clearfix\" data-tab=\"1\" role=\"region\" aria-labelledby=\"elementor-tab-title-3631\"><p>Creado por Th\u00e9r\u00e8se Bertherat en la d\u00e9cada de 1980, nuestro &#8216;doudou&#8217; es un encantador coj\u00edn en forma de bollo.<\/p><p>Cosido a mano, de algod\u00f3n, est\u00e1 relleno de bolitas de espelta, la c\u00e1scara de la misma semilla.<\/p><p>Nuestros doudous son fabricados en Francia por una Adapei (asociaci\u00f3n de padres y amigos que aboga por las personas con discapacidad y sus familias).<\/p><p>\u00a0<\/p><p>Peso: 250 a 275 gramos \/ Longitud: 19 cm \/ Di\u00e1metro: 11 cm\u00bb<\/p><\/div>\n\t\t\t\t<\/div>\n\t\t\t\t\t\t\t\t<\/div>\n\t\t\t\t\t\t<\/div>\n\t\t\t\t<\/div>\n\t\t\t\t\t<\/div>\n\t\t\t\t<\/div>\n\t\t\t\t<\/div>\n\t\t","protected":false},"excerpt":{"rendered":"<p>El doudou es un peque\u00f1o coj\u00edn en forma de almohada<\/p>\n","protected":false},"featured_media":5112,"template":"","meta":{"_acf_changed":false},"compta":[37],"product_cat":[95,94],"product_tag":[],"class_list":{"0":"post-1122","1":"product","2":"type-product","3":"status-publish","4":"has-post-thumbnail","6":"product_cat-accesorios-es","7":"product_cat-boutique-es","8":"product_shipping_class-xml-es","10":"first","11":"instock","12":"taxable","13":"shipping-taxable","14":"purchasable","15":"product-type-simple"},"acf":[],"yoast_head":"<!-- This site is optimized with the Yoast SEO plugin v27.3 - https:\/\/yoast.com\/product\/yoast-seo-wordpress\/ -->\n<title>El &quot;doudou&quot;-20\u20ac - La Boutique Antigym<\/title>\n<meta name=\"robots\" content=\"index, follow, max-snippet:-1, max-image-preview:large, max-video-preview:-1\" \/>\n<link rel=\"canonical\" href=\"https:\/\/shop.antigymnastique.com\/es\/produit\/18e-1-doudou-1\/\" \/>\n<meta property=\"og:locale\" content=\"es_ES\" \/>\n<meta property=\"og:type\" content=\"article\" \/>\n<meta property=\"og:title\" content=\"El &quot;doudou&quot;-20\u20ac - La Boutique Antigym\" \/>\n<meta property=\"og:description\" content=\"El doudou es un peque\u00f1o coj\u00edn en forma de almohada\" \/>\n<meta property=\"og:url\" content=\"https:\/\/shop.antigymnastique.com\/es\/produit\/18e-1-doudou-1\/\" \/>\n<meta property=\"og:site_name\" content=\"La Boutique Antigym\" \/>\n<meta property=\"article:modified_time\" content=\"2026-03-06T16:59:28+00:00\" \/>\n<meta property=\"og:image\" content=\"https:\/\/shop.antigymnastique.com\/data\/uploads\/2025\/09\/doudou.jpeg\" \/>\n\t<meta property=\"og:image:width\" content=\"600\" \/>\n\t<meta property=\"og:image:height\" content=\"600\" \/>\n\t<meta property=\"og:image:type\" content=\"image\/jpeg\" \/>\n<meta name=\"twitter:card\" content=\"summary_large_image\" \/>\n<meta name=\"twitter:label1\" content=\"Tiempo de lectura\" \/>\n\t<meta name=\"twitter:data1\" content=\"1 minuto\" \/>\n<script type=\"application\/ld+json\" class=\"yoast-schema-graph\">{\"@context\":\"https:\\\/\\\/schema.org\",\"@graph\":[{\"@type\":\"WebPage\",\"@id\":\"https:\\\/\\\/shop.antigymnastique.com\\\/es\\\/produit\\\/18e-1-doudou-1\\\/\",\"url\":\"https:\\\/\\\/shop.antigymnastique.com\\\/es\\\/produit\\\/18e-1-doudou-1\\\/\",\"name\":\"El \\\"doudou\\\"-20\u20ac - La Boutique Antigym\",\"isPartOf\":{\"@id\":\"https:\\\/\\\/shop.antigymnastique.com\\\/#website\"},\"primaryImageOfPage\":{\"@id\":\"https:\\\/\\\/shop.antigymnastique.com\\\/es\\\/produit\\\/18e-1-doudou-1\\\/#primaryimage\"},\"image\":{\"@id\":\"https:\\\/\\\/shop.antigymnastique.com\\\/es\\\/produit\\\/18e-1-doudou-1\\\/#primaryimage\"},\"thumbnailUrl\":\"https:\\\/\\\/shop.antigymnastique.com\\\/data\\\/uploads\\\/2025\\\/09\\\/doudou.jpeg\",\"datePublished\":\"2024-03-04T09:54:28+00:00\",\"dateModified\":\"2026-03-06T16:59:28+00:00\",\"breadcrumb\":{\"@id\":\"https:\\\/\\\/shop.antigymnastique.com\\\/es\\\/produit\\\/18e-1-doudou-1\\\/#breadcrumb\"},\"inLanguage\":\"es\",\"potentialAction\":[{\"@type\":\"ReadAction\",\"target\":[\"https:\\\/\\\/shop.antigymnastique.com\\\/es\\\/produit\\\/18e-1-doudou-1\\\/\"]}]},{\"@type\":\"ImageObject\",\"inLanguage\":\"es\",\"@id\":\"https:\\\/\\\/shop.antigymnastique.com\\\/es\\\/produit\\\/18e-1-doudou-1\\\/#primaryimage\",\"url\":\"https:\\\/\\\/shop.antigymnastique.com\\\/data\\\/uploads\\\/2025\\\/09\\\/doudou.jpeg\",\"contentUrl\":\"https:\\\/\\\/shop.antigymnastique.com\\\/data\\\/uploads\\\/2025\\\/09\\\/doudou.jpeg\",\"width\":600,\"height\":600},{\"@type\":\"BreadcrumbList\",\"@id\":\"https:\\\/\\\/shop.antigymnastique.com\\\/es\\\/produit\\\/18e-1-doudou-1\\\/#breadcrumb\",\"itemListElement\":[{\"@type\":\"ListItem\",\"position\":1,\"name\":\"Home\",\"item\":\"https:\\\/\\\/shop.antigymnastique.com\\\/es\\\/\"},{\"@type\":\"ListItem\",\"position\":2,\"name\":\"Tienda\",\"item\":\"https:\\\/\\\/shop.antigymnastique.com\\\/es\\\/\"},{\"@type\":\"ListItem\",\"position\":3,\"name\":\"El \u00ab\u00a0doudou\u00a0\u00bb-20\u20ac\"}]},{\"@type\":\"WebSite\",\"@id\":\"https:\\\/\\\/shop.antigymnastique.com\\\/#website\",\"url\":\"https:\\\/\\\/shop.antigymnastique.com\\\/\",\"name\":\"La Boutique Antigym\",\"description\":\"La m\u00e9thode Th\u00e9r\u00e8se Bertherat\",\"potentialAction\":[{\"@type\":\"SearchAction\",\"target\":{\"@type\":\"EntryPoint\",\"urlTemplate\":\"https:\\\/\\\/shop.antigymnastique.com\\\/?s={search_term_string}\"},\"query-input\":{\"@type\":\"PropertyValueSpecification\",\"valueRequired\":true,\"valueName\":\"search_term_string\"}}],\"inLanguage\":\"es\"}]}<\/script>\n<!-- \/ Yoast SEO plugin. -->","yoast_head_json":{"title":"El \"doudou\"-20\u20ac - La Boutique Antigym","robots":{"index":"index","follow":"follow","max-snippet":"max-snippet:-1","max-image-preview":"max-image-preview:large","max-video-preview":"max-video-preview:-1"},"canonical":"https:\/\/shop.antigymnastique.com\/es\/produit\/18e-1-doudou-1\/","og_locale":"es_ES","og_type":"article","og_title":"El \"doudou\"-20\u20ac - La Boutique Antigym","og_description":"El doudou es un peque\u00f1o coj\u00edn en forma de almohada","og_url":"https:\/\/shop.antigymnastique.com\/es\/produit\/18e-1-doudou-1\/","og_site_name":"La Boutique Antigym","article_modified_time":"2026-03-06T16:59:28+00:00","og_image":[{"width":600,"height":600,"url":"https:\/\/shop.antigymnastique.com\/data\/uploads\/2025\/09\/doudou.jpeg","type":"image\/jpeg"}],"twitter_card":"summary_large_image","twitter_misc":{"Tiempo de lectura":"1 minuto"},"schema":{"@context":"https:\/\/schema.org","@graph":[{"@type":"WebPage","@id":"https:\/\/shop.antigymnastique.com\/es\/produit\/18e-1-doudou-1\/","url":"https:\/\/shop.antigymnastique.com\/es\/produit\/18e-1-doudou-1\/","name":"El \"doudou\"-20\u20ac - La Boutique Antigym","isPartOf":{"@id":"https:\/\/shop.antigymnastique.com\/#website"},"primaryImageOfPage":{"@id":"https:\/\/shop.antigymnastique.com\/es\/produit\/18e-1-doudou-1\/#primaryimage"},"image":{"@id":"https:\/\/shop.antigymnastique.com\/es\/produit\/18e-1-doudou-1\/#primaryimage"},"thumbnailUrl":"https:\/\/shop.antigymnastique.com\/data\/uploads\/2025\/09\/doudou.jpeg","datePublished":"2024-03-04T09:54:28+00:00","dateModified":"2026-03-06T16:59:28+00:00","breadcrumb":{"@id":"https:\/\/shop.antigymnastique.com\/es\/produit\/18e-1-doudou-1\/#breadcrumb"},"inLanguage":"es","potentialAction":[{"@type":"ReadAction","target":["https:\/\/shop.antigymnastique.com\/es\/produit\/18e-1-doudou-1\/"]}]},{"@type":"ImageObject","inLanguage":"es","@id":"https:\/\/shop.antigymnastique.com\/es\/produit\/18e-1-doudou-1\/#primaryimage","url":"https:\/\/shop.antigymnastique.com\/data\/uploads\/2025\/09\/doudou.jpeg","contentUrl":"https:\/\/shop.antigymnastique.com\/data\/uploads\/2025\/09\/doudou.jpeg","width":600,"height":600},{"@type":"BreadcrumbList","@id":"https:\/\/shop.antigymnastique.com\/es\/produit\/18e-1-doudou-1\/#breadcrumb","itemListElement":[{"@type":"ListItem","position":1,"name":"Home","item":"https:\/\/shop.antigymnastique.com\/es\/"},{"@type":"ListItem","position":2,"name":"Tienda","item":"https:\/\/shop.antigymnastique.com\/es\/"},{"@type":"ListItem","position":3,"name":"El \u00ab\u00a0doudou\u00a0\u00bb-20\u20ac"}]},{"@type":"WebSite","@id":"https:\/\/shop.antigymnastique.com\/#website","url":"https:\/\/shop.antigymnastique.com\/","name":"La Boutique Antigym","description":"La m\u00e9thode Th\u00e9r\u00e8se Bertherat","potentialAction":[{"@type":"SearchAction","target":{"@type":"EntryPoint","urlTemplate":"https:\/\/shop.antigymnastique.com\/?s={search_term_string}"},"query-input":{"@type":"PropertyValueSpecification","valueRequired":true,"valueName":"search_term_string"}}],"inLanguage":"es"}]}},"_links":{"self":[{"href":"https:\/\/shop.antigymnastique.com\/es\/wp-json\/wp\/v2\/product\/1122","targetHints":{"allow":["GET"]}}],"collection":[{"href":"https:\/\/shop.antigymnastique.com\/es\/wp-json\/wp\/v2\/product"}],"about":[{"href":"https:\/\/shop.antigymnastique.com\/es\/wp-json\/wp\/v2\/types\/product"}],"version-history":[{"count":23,"href":"https:\/\/shop.antigymnastique.com\/es\/wp-json\/wp\/v2\/product\/1122\/revisions"}],"predecessor-version":[{"id":4898,"href":"https:\/\/shop.antigymnastique.com\/es\/wp-json\/wp\/v2\/product\/1122\/revisions\/4898"}],"wp:featuredmedia":[{"embeddable":true,"href":"https:\/\/shop.antigymnastique.com\/es\/wp-json\/wp\/v2\/media\/5112"}],"wp:attachment":[{"href":"https:\/\/shop.antigymnastique.com\/es\/wp-json\/wp\/v2\/media?parent=1122"}],"wp:term":[{"taxonomy":"compta","embeddable":true,"href":"https:\/\/shop.antigymnastique.com\/es\/wp-json\/wp\/v2\/compta?post=1122"},{"taxonomy":"product_cat","embeddable":true,"href":"https:\/\/shop.antigymnastique.com\/es\/wp-json\/wp\/v2\/product_cat?post=1122"},{"taxonomy":"product_tag","embeddable":true,"href":"https:\/\/shop.antigymnastique.com\/es\/wp-json\/wp\/v2\/product_tag?post=1122"}],"curies":[{"name":"wp","href":"https:\/\/api.w.org\/{rel}","templated":true}]}}