{"id":3688,"date":"2025-02-13T12:53:42","date_gmt":"2025-02-13T11:53:42","guid":{"rendered":"https:\/\/shop.antigymnastique.com\/?post_type=product&#038;p=3688"},"modified":"2026-03-06T17:59:28","modified_gmt":"2026-03-06T16:59:28","slug":"el-doudou-18e-copie","status":"publish","type":"product","link":"https:\/\/shop.antigymnastique.com\/es\/produit\/el-doudou-18e-copie\/","title":{"rendered":"El \u00abdoudine\u00bb-15\u20ac"},"content":{"rendered":"\t\t<div data-elementor-type=\"wp-post\" data-elementor-id=\"3688\" class=\"elementor elementor-3688 elementor-3684\" data-elementor-post-type=\"product\">\n\t\t\t\t<div class=\"elementor-element elementor-element-a6230cf e-flex e-con-boxed e-con e-parent\" data-id=\"a6230cf\" data-element_type=\"container\" data-e-type=\"container\">\n\t\t\t\t\t<div class=\"e-con-inner\">\n\t\t\t\t<div class=\"elementor-element elementor-element-229efce elementor-widget elementor-widget-accordion\" data-id=\"229efce\" data-element_type=\"widget\" data-e-type=\"widget\" data-widget_type=\"accordion.default\">\n\t\t\t\t<div class=\"elementor-widget-container\">\n\t\t\t\t\t\t\t<div class=\"elementor-accordion\">\n\t\t\t\t\t\t\t<div class=\"elementor-accordion-item\">\n\t\t\t\t\t<div id=\"elementor-tab-title-3631\" class=\"elementor-tab-title\" data-tab=\"1\" role=\"button\" aria-controls=\"elementor-tab-content-3631\" aria-expanded=\"false\">\n\t\t\t\t\t\t\t\t\t\t\t\t\t<span class=\"elementor-accordion-icon elementor-accordion-icon-left\" aria-hidden=\"true\">\n\t\t\t\t\t\t\t\t\t\t\t\t\t\t\t<span class=\"elementor-accordion-icon-closed\"><svg class=\"e-font-icon-svg e-fas-plus\" viewBox=\"0 0 448 512\" xmlns=\"http:\/\/www.w3.org\/2000\/svg\"><path d=\"M416 208H272V64c0-17.67-14.33-32-32-32h-32c-17.67 0-32 14.33-32 32v144H32c-17.67 0-32 14.33-32 32v32c0 17.67 14.33 32 32 32h144v144c0 17.67 14.33 32 32 32h32c17.67 0 32-14.33 32-32V304h144c17.67 0 32-14.33 32-32v-32c0-17.67-14.33-32-32-32z\"><\/path><\/svg><\/span>\n\t\t\t\t\t\t\t\t<span class=\"elementor-accordion-icon-opened\"><svg class=\"e-font-icon-svg e-fas-minus\" viewBox=\"0 0 448 512\" xmlns=\"http:\/\/www.w3.org\/2000\/svg\"><path d=\"M416 208H32c-17.67 0-32 14.33-32 32v32c0 17.67 14.33 32 32 32h384c17.67 0 32-14.33 32-32v-32c0-17.67-14.33-32-32-32z\"><\/path><\/svg><\/span>\n\t\t\t\t\t\t\t\t\t\t\t\t\t\t<\/span>\n\t\t\t\t\t\t\t\t\t\t\t\t<a class=\"elementor-accordion-title\" tabindex=\"0\">Description<\/a>\n\t\t\t\t\t<\/div>\n\t\t\t\t\t<div id=\"elementor-tab-content-3631\" class=\"elementor-tab-content elementor-clearfix\" data-tab=\"1\" role=\"region\" aria-labelledby=\"elementor-tab-title-3631\"><p>Nuestra \u00ab doudine \u00bb es una peque\u00f1a pelota bien firme en forma de almohad\u00f3n.<\/p><p>Cosida a mano, en algod\u00f3n, est\u00e1 rellena de semillas de mijo.<\/p><p>Nuestras doudines se fabrican en Francia por una Adapei (asociaci\u00f3n de padres y amigos que aboga por las personas con discapacidad y sus familias).<\/p><p>Peso: 150 gramos <br \/>Longitud de costura a costura: 10 cm <br \/>Altura: 3 cm <br \/>Relleno: semillas de mijo<\/p><\/div>\n\t\t\t\t<\/div>\n\t\t\t\t\t\t\t\t<\/div>\n\t\t\t\t\t\t<\/div>\n\t\t\t\t<\/div>\n\t\t\t\t\t<\/div>\n\t\t\t\t<\/div>\n\t\t\t\t<\/div>\n\t\t","protected":false},"excerpt":{"rendered":"<p>El \u00abdoudine\u00bb\u00a0es una peque\u00f1a pelota bien firme en forma de almohad\u00f3n rellena de semillas de mijo.<\/p>\n","protected":false},"featured_media":5141,"template":"","meta":{"_acf_changed":false},"compta":[37],"product_cat":[95,94],"product_tag":[],"class_list":{"0":"post-3688","1":"product","2":"type-product","3":"status-publish","4":"has-post-thumbnail","6":"product_cat-accesorios-es","7":"product_cat-boutique-es","8":"product_shipping_class-xml-es","10":"first","11":"instock","12":"taxable","13":"shipping-taxable","14":"purchasable","15":"product-type-simple"},"acf":[],"yoast_head":"<!-- This site is optimized with the Yoast SEO plugin v27.3 - https:\/\/yoast.com\/product\/yoast-seo-wordpress\/ -->\n<title>El &quot;doudine&quot;-15\u20ac - La Boutique Antigym<\/title>\n<meta name=\"robots\" content=\"index, follow, max-snippet:-1, max-image-preview:large, max-video-preview:-1\" \/>\n<link rel=\"canonical\" href=\"https:\/\/shop.antigymnastique.com\/es\/produit\/el-doudou-18e-copie\/\" \/>\n<meta property=\"og:locale\" content=\"es_ES\" \/>\n<meta property=\"og:type\" content=\"article\" \/>\n<meta property=\"og:title\" content=\"El &quot;doudine&quot;-15\u20ac - La Boutique Antigym\" \/>\n<meta property=\"og:description\" content=\"El &quot;doudine&quot;\u00a0es una peque\u00f1a pelota bien firme en forma de almohad\u00f3n rellena de semillas de mijo.\" \/>\n<meta property=\"og:url\" content=\"https:\/\/shop.antigymnastique.com\/es\/produit\/el-doudou-18e-copie\/\" \/>\n<meta property=\"og:site_name\" content=\"La Boutique Antigym\" \/>\n<meta property=\"article:modified_time\" content=\"2026-03-06T16:59:28+00:00\" \/>\n<meta property=\"og:image\" content=\"https:\/\/shop.antigymnastique.com\/data\/uploads\/2025\/02\/doudine-dessin.jpeg\" \/>\n\t<meta property=\"og:image:width\" content=\"600\" \/>\n\t<meta property=\"og:image:height\" content=\"600\" \/>\n\t<meta property=\"og:image:type\" content=\"image\/jpeg\" \/>\n<meta name=\"twitter:card\" content=\"summary_large_image\" \/>\n<meta name=\"twitter:label1\" content=\"Tiempo de lectura\" \/>\n\t<meta name=\"twitter:data1\" content=\"1 minuto\" \/>\n<script type=\"application\/ld+json\" class=\"yoast-schema-graph\">{\"@context\":\"https:\\\/\\\/schema.org\",\"@graph\":[{\"@type\":\"WebPage\",\"@id\":\"https:\\\/\\\/shop.antigymnastique.com\\\/es\\\/produit\\\/el-doudou-18e-copie\\\/\",\"url\":\"https:\\\/\\\/shop.antigymnastique.com\\\/es\\\/produit\\\/el-doudou-18e-copie\\\/\",\"name\":\"El \\\"doudine\\\"-15\u20ac - La Boutique Antigym\",\"isPartOf\":{\"@id\":\"https:\\\/\\\/shop.antigymnastique.com\\\/#website\"},\"primaryImageOfPage\":{\"@id\":\"https:\\\/\\\/shop.antigymnastique.com\\\/es\\\/produit\\\/el-doudou-18e-copie\\\/#primaryimage\"},\"image\":{\"@id\":\"https:\\\/\\\/shop.antigymnastique.com\\\/es\\\/produit\\\/el-doudou-18e-copie\\\/#primaryimage\"},\"thumbnailUrl\":\"https:\\\/\\\/shop.antigymnastique.com\\\/data\\\/uploads\\\/2025\\\/02\\\/doudine-dessin.jpeg\",\"datePublished\":\"2025-02-13T11:53:42+00:00\",\"dateModified\":\"2026-03-06T16:59:28+00:00\",\"breadcrumb\":{\"@id\":\"https:\\\/\\\/shop.antigymnastique.com\\\/es\\\/produit\\\/el-doudou-18e-copie\\\/#breadcrumb\"},\"inLanguage\":\"es\",\"potentialAction\":[{\"@type\":\"ReadAction\",\"target\":[\"https:\\\/\\\/shop.antigymnastique.com\\\/es\\\/produit\\\/el-doudou-18e-copie\\\/\"]}]},{\"@type\":\"ImageObject\",\"inLanguage\":\"es\",\"@id\":\"https:\\\/\\\/shop.antigymnastique.com\\\/es\\\/produit\\\/el-doudou-18e-copie\\\/#primaryimage\",\"url\":\"https:\\\/\\\/shop.antigymnastique.com\\\/data\\\/uploads\\\/2025\\\/02\\\/doudine-dessin.jpeg\",\"contentUrl\":\"https:\\\/\\\/shop.antigymnastique.com\\\/data\\\/uploads\\\/2025\\\/02\\\/doudine-dessin.jpeg\",\"width\":600,\"height\":600},{\"@type\":\"BreadcrumbList\",\"@id\":\"https:\\\/\\\/shop.antigymnastique.com\\\/es\\\/produit\\\/el-doudou-18e-copie\\\/#breadcrumb\",\"itemListElement\":[{\"@type\":\"ListItem\",\"position\":1,\"name\":\"Home\",\"item\":\"https:\\\/\\\/shop.antigymnastique.com\\\/es\\\/\"},{\"@type\":\"ListItem\",\"position\":2,\"name\":\"Tienda\",\"item\":\"https:\\\/\\\/shop.antigymnastique.com\\\/es\\\/\"},{\"@type\":\"ListItem\",\"position\":3,\"name\":\"El \u00ab\u00a0doudine\u00a0\u00bb-15\u20ac\"}]},{\"@type\":\"WebSite\",\"@id\":\"https:\\\/\\\/shop.antigymnastique.com\\\/#website\",\"url\":\"https:\\\/\\\/shop.antigymnastique.com\\\/\",\"name\":\"La Boutique Antigym\",\"description\":\"La m\u00e9thode Th\u00e9r\u00e8se Bertherat\",\"potentialAction\":[{\"@type\":\"SearchAction\",\"target\":{\"@type\":\"EntryPoint\",\"urlTemplate\":\"https:\\\/\\\/shop.antigymnastique.com\\\/?s={search_term_string}\"},\"query-input\":{\"@type\":\"PropertyValueSpecification\",\"valueRequired\":true,\"valueName\":\"search_term_string\"}}],\"inLanguage\":\"es\"}]}<\/script>\n<!-- \/ Yoast SEO plugin. -->","yoast_head_json":{"title":"El \"doudine\"-15\u20ac - La Boutique Antigym","robots":{"index":"index","follow":"follow","max-snippet":"max-snippet:-1","max-image-preview":"max-image-preview:large","max-video-preview":"max-video-preview:-1"},"canonical":"https:\/\/shop.antigymnastique.com\/es\/produit\/el-doudou-18e-copie\/","og_locale":"es_ES","og_type":"article","og_title":"El \"doudine\"-15\u20ac - La Boutique Antigym","og_description":"El \"doudine\"\u00a0es una peque\u00f1a pelota bien firme en forma de almohad\u00f3n rellena de semillas de mijo.","og_url":"https:\/\/shop.antigymnastique.com\/es\/produit\/el-doudou-18e-copie\/","og_site_name":"La Boutique Antigym","article_modified_time":"2026-03-06T16:59:28+00:00","og_image":[{"width":600,"height":600,"url":"https:\/\/shop.antigymnastique.com\/data\/uploads\/2025\/02\/doudine-dessin.jpeg","type":"image\/jpeg"}],"twitter_card":"summary_large_image","twitter_misc":{"Tiempo de lectura":"1 minuto"},"schema":{"@context":"https:\/\/schema.org","@graph":[{"@type":"WebPage","@id":"https:\/\/shop.antigymnastique.com\/es\/produit\/el-doudou-18e-copie\/","url":"https:\/\/shop.antigymnastique.com\/es\/produit\/el-doudou-18e-copie\/","name":"El \"doudine\"-15\u20ac - La Boutique Antigym","isPartOf":{"@id":"https:\/\/shop.antigymnastique.com\/#website"},"primaryImageOfPage":{"@id":"https:\/\/shop.antigymnastique.com\/es\/produit\/el-doudou-18e-copie\/#primaryimage"},"image":{"@id":"https:\/\/shop.antigymnastique.com\/es\/produit\/el-doudou-18e-copie\/#primaryimage"},"thumbnailUrl":"https:\/\/shop.antigymnastique.com\/data\/uploads\/2025\/02\/doudine-dessin.jpeg","datePublished":"2025-02-13T11:53:42+00:00","dateModified":"2026-03-06T16:59:28+00:00","breadcrumb":{"@id":"https:\/\/shop.antigymnastique.com\/es\/produit\/el-doudou-18e-copie\/#breadcrumb"},"inLanguage":"es","potentialAction":[{"@type":"ReadAction","target":["https:\/\/shop.antigymnastique.com\/es\/produit\/el-doudou-18e-copie\/"]}]},{"@type":"ImageObject","inLanguage":"es","@id":"https:\/\/shop.antigymnastique.com\/es\/produit\/el-doudou-18e-copie\/#primaryimage","url":"https:\/\/shop.antigymnastique.com\/data\/uploads\/2025\/02\/doudine-dessin.jpeg","contentUrl":"https:\/\/shop.antigymnastique.com\/data\/uploads\/2025\/02\/doudine-dessin.jpeg","width":600,"height":600},{"@type":"BreadcrumbList","@id":"https:\/\/shop.antigymnastique.com\/es\/produit\/el-doudou-18e-copie\/#breadcrumb","itemListElement":[{"@type":"ListItem","position":1,"name":"Home","item":"https:\/\/shop.antigymnastique.com\/es\/"},{"@type":"ListItem","position":2,"name":"Tienda","item":"https:\/\/shop.antigymnastique.com\/es\/"},{"@type":"ListItem","position":3,"name":"El \u00ab\u00a0doudine\u00a0\u00bb-15\u20ac"}]},{"@type":"WebSite","@id":"https:\/\/shop.antigymnastique.com\/#website","url":"https:\/\/shop.antigymnastique.com\/","name":"La Boutique Antigym","description":"La m\u00e9thode Th\u00e9r\u00e8se Bertherat","potentialAction":[{"@type":"SearchAction","target":{"@type":"EntryPoint","urlTemplate":"https:\/\/shop.antigymnastique.com\/?s={search_term_string}"},"query-input":{"@type":"PropertyValueSpecification","valueRequired":true,"valueName":"search_term_string"}}],"inLanguage":"es"}]}},"_links":{"self":[{"href":"https:\/\/shop.antigymnastique.com\/es\/wp-json\/wp\/v2\/product\/3688","targetHints":{"allow":["GET"]}}],"collection":[{"href":"https:\/\/shop.antigymnastique.com\/es\/wp-json\/wp\/v2\/product"}],"about":[{"href":"https:\/\/shop.antigymnastique.com\/es\/wp-json\/wp\/v2\/types\/product"}],"version-history":[{"count":6,"href":"https:\/\/shop.antigymnastique.com\/es\/wp-json\/wp\/v2\/product\/3688\/revisions"}],"predecessor-version":[{"id":4893,"href":"https:\/\/shop.antigymnastique.com\/es\/wp-json\/wp\/v2\/product\/3688\/revisions\/4893"}],"wp:featuredmedia":[{"embeddable":true,"href":"https:\/\/shop.antigymnastique.com\/es\/wp-json\/wp\/v2\/media\/5141"}],"wp:attachment":[{"href":"https:\/\/shop.antigymnastique.com\/es\/wp-json\/wp\/v2\/media?parent=3688"}],"wp:term":[{"taxonomy":"compta","embeddable":true,"href":"https:\/\/shop.antigymnastique.com\/es\/wp-json\/wp\/v2\/compta?post=3688"},{"taxonomy":"product_cat","embeddable":true,"href":"https:\/\/shop.antigymnastique.com\/es\/wp-json\/wp\/v2\/product_cat?post=3688"},{"taxonomy":"product_tag","embeddable":true,"href":"https:\/\/shop.antigymnastique.com\/es\/wp-json\/wp\/v2\/product_tag?post=3688"}],"curies":[{"name":"wp","href":"https:\/\/api.w.org\/{rel}","templated":true}]}}