{"id":1927,"date":"2024-04-03T11:13:04","date_gmt":"2024-04-03T09:13:04","guid":{"rendered":"https:\/\/agshop.dev.kappuccino.net\/homepage\/"},"modified":"2024-04-30T10:52:57","modified_gmt":"2024-04-30T08:52:57","slug":"homepage","status":"publish","type":"page","link":"https:\/\/shop.antigymnastique.com\/pt-pt\/homepage\/","title":{"rendered":"Homepage"},"content":{"rendered":"\t\t<div data-elementor-type=\"wp-page\" data-elementor-id=\"1927\" class=\"elementor elementor-1927 elementor-1642\" data-elementor-post-type=\"page\">\n\t\t\t\t<div class=\"elementor-element elementor-element-64355d6 e-flex e-con-boxed e-con e-parent\" data-id=\"64355d6\" data-element_type=\"container\" data-e-type=\"container\">\n\t\t\t\t\t<div class=\"e-con-inner\">\n\t\t\t\t<div class=\"elementor-element elementor-element-91d0069 elementor-widget elementor-widget-image\" data-id=\"91d0069\" data-element_type=\"widget\" data-e-type=\"widget\" data-widget_type=\"image.default\">\n\t\t\t\t<div class=\"elementor-widget-container\">\n\t\t\t\t\t\t\t\t\t\t\t\t\t\t\t<img fetchpriority=\"high\" decoding=\"async\" width=\"980\" height=\"495\" src=\"https:\/\/shop.antigymnastique.com\/data\/uploads\/2024\/04\/home-shopag.jpg\" class=\"attachment-large size-large wp-image-1654\" alt=\"\" srcset=\"https:\/\/shop.antigymnastique.com\/data\/uploads\/2024\/04\/home-shopag.jpg 1443w, https:\/\/shop.antigymnastique.com\/data\/uploads\/2024\/04\/home-shopag-900x455.jpg 900w, https:\/\/shop.antigymnastique.com\/data\/uploads\/2024\/04\/home-shopag-768x388.jpg 768w, https:\/\/shop.antigymnastique.com\/data\/uploads\/2024\/04\/home-shopag-600x303.jpg 600w\" sizes=\"(max-width: 980px) 100vw, 980px\" \/>\t\t\t\t\t\t\t\t\t\t\t\t\t\t\t<\/div>\n\t\t\t\t<\/div>\n\t\t\t\t<div class=\"elementor-element elementor-element-004657f elementor-widget elementor-widget-heading\" data-id=\"004657f\" data-element_type=\"widget\" data-e-type=\"widget\" data-widget_type=\"heading.default\">\n\t\t\t\t<div class=\"elementor-widget-container\">\n\t\t\t\t\t<h2 class=\"elementor-heading-title elementor-size-default\">Bem-vindo \u00e0 loja da Antigym<\/h2>\t\t\t\t<\/div>\n\t\t\t\t<\/div>\n\t\t\t\t\t<\/div>\n\t\t\t\t<\/div>\n\t\t<div class=\"elementor-element elementor-element-e69f3c6 e-flex e-con-boxed e-con e-parent\" data-id=\"e69f3c6\" data-element_type=\"container\" data-e-type=\"container\">\n\t\t\t\t\t<div class=\"e-con-inner\">\n\t\t\t\t<div class=\"elementor-element elementor-element-ae2c53e elementor-widget elementor-widget-text-editor\" data-id=\"ae2c53e\" data-element_type=\"widget\" data-e-type=\"widget\" data-widget_type=\"text-editor.default\">\n\t\t\t\t<div class=\"elementor-widget-container\">\n\t\t\t\t\t\t\t\t\t<p style=\"text-align: center;\">Se voc\u00ea \u00e9 um profissional certificado Antigin\u00e1stica, <a href=\"\/pt-pt\/minha-conta\/\">fa\u00e7a login<\/a><\/p>\t\t\t\t\t\t\t\t<\/div>\n\t\t\t\t<\/div>\n\t\t\t\t\t<\/div>\n\t\t\t\t<\/div>\n\t\t\t\t<\/div>\n\t\t","protected":false},"excerpt":{"rendered":"<p>Bem-vindo \u00e0 loja da Antigym Se voc\u00ea \u00e9 um profissional certificado Antigin\u00e1stica, fa\u00e7a login<\/p>\n","protected":false},"author":2,"featured_media":0,"parent":0,"menu_order":0,"comment_status":"closed","ping_status":"closed","template":"","meta":{"_acf_changed":false,"footnotes":""},"class_list":["post-1927","page","type-page","status-publish","hentry"],"acf":[],"yoast_head":"<!-- This site is optimized with the Yoast SEO plugin v27.3 - https:\/\/yoast.com\/product\/yoast-seo-wordpress\/ -->\n<title>Homepage - La Boutique Antigym<\/title>\n<meta name=\"robots\" content=\"index, follow, max-snippet:-1, max-image-preview:large, max-video-preview:-1\" \/>\n<link rel=\"canonical\" href=\"https:\/\/shop.antigymnastique.com\/homepage\/\" \/>\n<meta property=\"og:locale\" content=\"pt_PT\" \/>\n<meta property=\"og:type\" content=\"article\" \/>\n<meta property=\"og:title\" content=\"Homepage - La Boutique Antigym\" \/>\n<meta property=\"og:description\" content=\"Bem-vindo \u00e0 loja da Antigym Se voc\u00ea \u00e9 um profissional certificado Antigin\u00e1stica, fa\u00e7a login\" \/>\n<meta property=\"og:url\" content=\"https:\/\/shop.antigymnastique.com\/homepage\/\" \/>\n<meta property=\"og:site_name\" content=\"La Boutique Antigym\" \/>\n<meta property=\"article:modified_time\" content=\"2024-04-30T08:52:57+00:00\" \/>\n<meta property=\"og:image\" content=\"https:\/\/agshop.dev.kappuccino.net\/data\/uploads\/2024\/04\/home-shopag.jpg\" \/>\n<meta name=\"twitter:card\" content=\"summary_large_image\" \/>\n<script type=\"application\/ld+json\" class=\"yoast-schema-graph\">{\"@context\":\"https:\\\/\\\/schema.org\",\"@graph\":[{\"@type\":\"WebPage\",\"@id\":\"https:\\\/\\\/shop.antigymnastique.com\\\/homepage\\\/\",\"url\":\"https:\\\/\\\/shop.antigymnastique.com\\\/homepage\\\/\",\"name\":\"Homepage - La Boutique Antigym\",\"isPartOf\":{\"@id\":\"https:\\\/\\\/shop.antigymnastique.com\\\/#website\"},\"primaryImageOfPage\":{\"@id\":\"https:\\\/\\\/shop.antigymnastique.com\\\/homepage\\\/#primaryimage\"},\"image\":{\"@id\":\"https:\\\/\\\/shop.antigymnastique.com\\\/homepage\\\/#primaryimage\"},\"thumbnailUrl\":\"https:\\\/\\\/agshop.dev.kappuccino.net\\\/data\\\/uploads\\\/2024\\\/04\\\/home-shopag.jpg\",\"datePublished\":\"2024-04-03T09:13:04+00:00\",\"dateModified\":\"2024-04-30T08:52:57+00:00\",\"breadcrumb\":{\"@id\":\"https:\\\/\\\/shop.antigymnastique.com\\\/homepage\\\/#breadcrumb\"},\"inLanguage\":\"pt-PT\",\"potentialAction\":[{\"@type\":\"ReadAction\",\"target\":[\"https:\\\/\\\/shop.antigymnastique.com\\\/homepage\\\/\"]}]},{\"@type\":\"ImageObject\",\"inLanguage\":\"pt-PT\",\"@id\":\"https:\\\/\\\/shop.antigymnastique.com\\\/homepage\\\/#primaryimage\",\"url\":\"https:\\\/\\\/agshop.dev.kappuccino.net\\\/data\\\/uploads\\\/2024\\\/04\\\/home-shopag.jpg\",\"contentUrl\":\"https:\\\/\\\/agshop.dev.kappuccino.net\\\/data\\\/uploads\\\/2024\\\/04\\\/home-shopag.jpg\"},{\"@type\":\"BreadcrumbList\",\"@id\":\"https:\\\/\\\/shop.antigymnastique.com\\\/homepage\\\/#breadcrumb\",\"itemListElement\":[{\"@type\":\"ListItem\",\"position\":1,\"name\":\"Home\",\"item\":\"https:\\\/\\\/shop.antigymnastique.com\\\/pt-pt\\\/\"},{\"@type\":\"ListItem\",\"position\":2,\"name\":\"Homepage\"}]},{\"@type\":\"WebSite\",\"@id\":\"https:\\\/\\\/shop.antigymnastique.com\\\/#website\",\"url\":\"https:\\\/\\\/shop.antigymnastique.com\\\/\",\"name\":\"La Boutique Antigym\",\"description\":\"La m\u00e9thode Th\u00e9r\u00e8se Bertherat\",\"potentialAction\":[{\"@type\":\"SearchAction\",\"target\":{\"@type\":\"EntryPoint\",\"urlTemplate\":\"https:\\\/\\\/shop.antigymnastique.com\\\/?s={search_term_string}\"},\"query-input\":{\"@type\":\"PropertyValueSpecification\",\"valueRequired\":true,\"valueName\":\"search_term_string\"}}],\"inLanguage\":\"pt-PT\"}]}<\/script>\n<!-- \/ Yoast SEO plugin. -->","yoast_head_json":{"title":"Homepage - La Boutique Antigym","robots":{"index":"index","follow":"follow","max-snippet":"max-snippet:-1","max-image-preview":"max-image-preview:large","max-video-preview":"max-video-preview:-1"},"canonical":"https:\/\/shop.antigymnastique.com\/homepage\/","og_locale":"pt_PT","og_type":"article","og_title":"Homepage - La Boutique Antigym","og_description":"Bem-vindo \u00e0 loja da Antigym Se voc\u00ea \u00e9 um profissional certificado Antigin\u00e1stica, fa\u00e7a login","og_url":"https:\/\/shop.antigymnastique.com\/homepage\/","og_site_name":"La Boutique Antigym","article_modified_time":"2024-04-30T08:52:57+00:00","og_image":[{"url":"https:\/\/agshop.dev.kappuccino.net\/data\/uploads\/2024\/04\/home-shopag.jpg","type":"","width":"","height":""}],"twitter_card":"summary_large_image","schema":{"@context":"https:\/\/schema.org","@graph":[{"@type":"WebPage","@id":"https:\/\/shop.antigymnastique.com\/homepage\/","url":"https:\/\/shop.antigymnastique.com\/homepage\/","name":"Homepage - La Boutique Antigym","isPartOf":{"@id":"https:\/\/shop.antigymnastique.com\/#website"},"primaryImageOfPage":{"@id":"https:\/\/shop.antigymnastique.com\/homepage\/#primaryimage"},"image":{"@id":"https:\/\/shop.antigymnastique.com\/homepage\/#primaryimage"},"thumbnailUrl":"https:\/\/agshop.dev.kappuccino.net\/data\/uploads\/2024\/04\/home-shopag.jpg","datePublished":"2024-04-03T09:13:04+00:00","dateModified":"2024-04-30T08:52:57+00:00","breadcrumb":{"@id":"https:\/\/shop.antigymnastique.com\/homepage\/#breadcrumb"},"inLanguage":"pt-PT","potentialAction":[{"@type":"ReadAction","target":["https:\/\/shop.antigymnastique.com\/homepage\/"]}]},{"@type":"ImageObject","inLanguage":"pt-PT","@id":"https:\/\/shop.antigymnastique.com\/homepage\/#primaryimage","url":"https:\/\/agshop.dev.kappuccino.net\/data\/uploads\/2024\/04\/home-shopag.jpg","contentUrl":"https:\/\/agshop.dev.kappuccino.net\/data\/uploads\/2024\/04\/home-shopag.jpg"},{"@type":"BreadcrumbList","@id":"https:\/\/shop.antigymnastique.com\/homepage\/#breadcrumb","itemListElement":[{"@type":"ListItem","position":1,"name":"Home","item":"https:\/\/shop.antigymnastique.com\/pt-pt\/"},{"@type":"ListItem","position":2,"name":"Homepage"}]},{"@type":"WebSite","@id":"https:\/\/shop.antigymnastique.com\/#website","url":"https:\/\/shop.antigymnastique.com\/","name":"La Boutique Antigym","description":"La m\u00e9thode Th\u00e9r\u00e8se Bertherat","potentialAction":[{"@type":"SearchAction","target":{"@type":"EntryPoint","urlTemplate":"https:\/\/shop.antigymnastique.com\/?s={search_term_string}"},"query-input":{"@type":"PropertyValueSpecification","valueRequired":true,"valueName":"search_term_string"}}],"inLanguage":"pt-PT"}]}},"_links":{"self":[{"href":"https:\/\/shop.antigymnastique.com\/pt-pt\/wp-json\/wp\/v2\/pages\/1927","targetHints":{"allow":["GET"]}}],"collection":[{"href":"https:\/\/shop.antigymnastique.com\/pt-pt\/wp-json\/wp\/v2\/pages"}],"about":[{"href":"https:\/\/shop.antigymnastique.com\/pt-pt\/wp-json\/wp\/v2\/types\/page"}],"author":[{"embeddable":true,"href":"https:\/\/shop.antigymnastique.com\/pt-pt\/wp-json\/wp\/v2\/users\/2"}],"replies":[{"embeddable":true,"href":"https:\/\/shop.antigymnastique.com\/pt-pt\/wp-json\/wp\/v2\/comments?post=1927"}],"version-history":[{"count":16,"href":"https:\/\/shop.antigymnastique.com\/pt-pt\/wp-json\/wp\/v2\/pages\/1927\/revisions"}],"predecessor-version":[{"id":2181,"href":"https:\/\/shop.antigymnastique.com\/pt-pt\/wp-json\/wp\/v2\/pages\/1927\/revisions\/2181"}],"wp:attachment":[{"href":"https:\/\/shop.antigymnastique.com\/pt-pt\/wp-json\/wp\/v2\/media?parent=1927"}],"curies":[{"name":"wp","href":"https:\/\/api.w.org\/{rel}","templated":true}]}}