{"id":2122,"date":"2024-04-29T10:15:40","date_gmt":"2024-04-29T08:15:40","guid":{"rendered":"https:\/\/agshop.dev.kappuccino.net\/accueil\/"},"modified":"2024-04-29T10:21:29","modified_gmt":"2024-04-29T08:21:29","slug":"accueil","status":"publish","type":"page","link":"https:\/\/shop.antigymnastique.com\/pt-pt\/accueil\/","title":{"rendered":"Accueil"},"content":{"rendered":"\t\t<div data-elementor-type=\"wp-page\" data-elementor-id=\"2122\" class=\"elementor elementor-2122 elementor-2112\" data-elementor-post-type=\"page\">\n\t\t\t\t<div class=\"elementor-element elementor-element-f6d0b18 e-flex e-con-boxed e-con e-parent\" data-id=\"f6d0b18\" data-element_type=\"container\" data-e-type=\"container\">\n\t\t\t\t\t<div class=\"e-con-inner\">\n\t\t\t\t<div class=\"elementor-element elementor-element-8bb876e elementor-widget elementor-widget-image\" data-id=\"8bb876e\" data-element_type=\"widget\" data-e-type=\"widget\" data-widget_type=\"image.default\">\n\t\t\t\t<div class=\"elementor-widget-container\">\n\t\t\t\t\t\t\t\t\t\t\t\t\t\t\t<img fetchpriority=\"high\" decoding=\"async\" width=\"980\" height=\"495\" src=\"https:\/\/shop.antigymnastique.com\/data\/uploads\/2024\/04\/home-shopag.jpg\" class=\"attachment-large size-large wp-image-1654\" alt=\"\" srcset=\"https:\/\/shop.antigymnastique.com\/data\/uploads\/2024\/04\/home-shopag.jpg 1443w, https:\/\/shop.antigymnastique.com\/data\/uploads\/2024\/04\/home-shopag-900x455.jpg 900w, https:\/\/shop.antigymnastique.com\/data\/uploads\/2024\/04\/home-shopag-768x388.jpg 768w, https:\/\/shop.antigymnastique.com\/data\/uploads\/2024\/04\/home-shopag-600x303.jpg 600w\" sizes=\"(max-width: 980px) 100vw, 980px\" \/>\t\t\t\t\t\t\t\t\t\t\t\t\t\t\t<\/div>\n\t\t\t\t<\/div>\n\t\t\t\t\t<\/div>\n\t\t\t\t<\/div>\n\t\t<div class=\"elementor-element elementor-element-d616b17 e-flex e-con-boxed e-con e-parent\" data-id=\"d616b17\" data-element_type=\"container\" data-e-type=\"container\">\n\t\t\t\t\t<div class=\"e-con-inner\">\n\t\t\t\t<div class=\"elementor-element elementor-element-3e99479 elementor-widget elementor-widget-heading\" data-id=\"3e99479\" data-element_type=\"widget\" data-e-type=\"widget\" data-widget_type=\"heading.default\">\n\t\t\t\t<div class=\"elementor-widget-container\">\n\t\t\t\t\t<h2 class=\"elementor-heading-title elementor-size-default\">Bem-vindo \u00e0 loja da Antigym<\/h2>\t\t\t\t<\/div>\n\t\t\t\t<\/div>\n\t\t\t\t\t<\/div>\n\t\t\t\t<\/div>\n\t\t\t\t<\/div>\n\t\t","protected":false},"excerpt":{"rendered":"<p>Bem-vindo \u00e0 loja da Antigym<\/p>\n","protected":false},"author":2,"featured_media":0,"parent":0,"menu_order":0,"comment_status":"closed","ping_status":"closed","template":"","meta":{"_acf_changed":false,"footnotes":""},"class_list":["post-2122","page","type-page","status-publish","hentry"],"acf":[],"yoast_head":"<!-- This site is optimized with the Yoast SEO plugin v27.3 - https:\/\/yoast.com\/product\/yoast-seo-wordpress\/ -->\n<title>Accueil - La Boutique Antigym<\/title>\n<meta name=\"robots\" content=\"index, follow, max-snippet:-1, max-image-preview:large, max-video-preview:-1\" \/>\n<link rel=\"canonical\" href=\"https:\/\/shop.antigymnastique.com\/accueil\/\" \/>\n<meta property=\"og:locale\" content=\"pt_PT\" \/>\n<meta property=\"og:type\" content=\"article\" \/>\n<meta property=\"og:title\" content=\"Accueil - La Boutique Antigym\" \/>\n<meta property=\"og:description\" content=\"Bem-vindo \u00e0 loja da Antigym\" \/>\n<meta property=\"og:url\" content=\"https:\/\/shop.antigymnastique.com\/accueil\/\" \/>\n<meta property=\"og:site_name\" content=\"La Boutique Antigym\" \/>\n<meta property=\"article:modified_time\" content=\"2024-04-29T08:21:29+00:00\" \/>\n<meta property=\"og:image\" content=\"https:\/\/agshop.dev.kappuccino.net\/data\/uploads\/2024\/04\/home-shopag.jpg\" \/>\n<meta name=\"twitter:card\" content=\"summary_large_image\" \/>\n<script type=\"application\/ld+json\" class=\"yoast-schema-graph\">{\"@context\":\"https:\\\/\\\/schema.org\",\"@graph\":[{\"@type\":\"WebPage\",\"@id\":\"https:\\\/\\\/shop.antigymnastique.com\\\/accueil\\\/\",\"url\":\"https:\\\/\\\/shop.antigymnastique.com\\\/accueil\\\/\",\"name\":\"Accueil - La Boutique Antigym\",\"isPartOf\":{\"@id\":\"https:\\\/\\\/shop.antigymnastique.com\\\/#website\"},\"primaryImageOfPage\":{\"@id\":\"https:\\\/\\\/shop.antigymnastique.com\\\/accueil\\\/#primaryimage\"},\"image\":{\"@id\":\"https:\\\/\\\/shop.antigymnastique.com\\\/accueil\\\/#primaryimage\"},\"thumbnailUrl\":\"https:\\\/\\\/agshop.dev.kappuccino.net\\\/data\\\/uploads\\\/2024\\\/04\\\/home-shopag.jpg\",\"datePublished\":\"2024-04-29T08:15:40+00:00\",\"dateModified\":\"2024-04-29T08:21:29+00:00\",\"breadcrumb\":{\"@id\":\"https:\\\/\\\/shop.antigymnastique.com\\\/accueil\\\/#breadcrumb\"},\"inLanguage\":\"pt-PT\",\"potentialAction\":[{\"@type\":\"ReadAction\",\"target\":[\"https:\\\/\\\/shop.antigymnastique.com\\\/accueil\\\/\"]}]},{\"@type\":\"ImageObject\",\"inLanguage\":\"pt-PT\",\"@id\":\"https:\\\/\\\/shop.antigymnastique.com\\\/accueil\\\/#primaryimage\",\"url\":\"https:\\\/\\\/agshop.dev.kappuccino.net\\\/data\\\/uploads\\\/2024\\\/04\\\/home-shopag.jpg\",\"contentUrl\":\"https:\\\/\\\/agshop.dev.kappuccino.net\\\/data\\\/uploads\\\/2024\\\/04\\\/home-shopag.jpg\"},{\"@type\":\"BreadcrumbList\",\"@id\":\"https:\\\/\\\/shop.antigymnastique.com\\\/accueil\\\/#breadcrumb\",\"itemListElement\":[{\"@type\":\"ListItem\",\"position\":1,\"name\":\"Home\",\"item\":\"https:\\\/\\\/shop.antigymnastique.com\\\/pt-pt\\\/\"},{\"@type\":\"ListItem\",\"position\":2,\"name\":\"Accueil\"}]},{\"@type\":\"WebSite\",\"@id\":\"https:\\\/\\\/shop.antigymnastique.com\\\/#website\",\"url\":\"https:\\\/\\\/shop.antigymnastique.com\\\/\",\"name\":\"La Boutique Antigym\",\"description\":\"La m\u00e9thode Th\u00e9r\u00e8se Bertherat\",\"potentialAction\":[{\"@type\":\"SearchAction\",\"target\":{\"@type\":\"EntryPoint\",\"urlTemplate\":\"https:\\\/\\\/shop.antigymnastique.com\\\/?s={search_term_string}\"},\"query-input\":{\"@type\":\"PropertyValueSpecification\",\"valueRequired\":true,\"valueName\":\"search_term_string\"}}],\"inLanguage\":\"pt-PT\"}]}<\/script>\n<!-- \/ Yoast SEO plugin. -->","yoast_head_json":{"title":"Accueil - La Boutique Antigym","robots":{"index":"index","follow":"follow","max-snippet":"max-snippet:-1","max-image-preview":"max-image-preview:large","max-video-preview":"max-video-preview:-1"},"canonical":"https:\/\/shop.antigymnastique.com\/accueil\/","og_locale":"pt_PT","og_type":"article","og_title":"Accueil - La Boutique Antigym","og_description":"Bem-vindo \u00e0 loja da Antigym","og_url":"https:\/\/shop.antigymnastique.com\/accueil\/","og_site_name":"La Boutique Antigym","article_modified_time":"2024-04-29T08:21:29+00:00","og_image":[{"url":"https:\/\/agshop.dev.kappuccino.net\/data\/uploads\/2024\/04\/home-shopag.jpg","type":"","width":"","height":""}],"twitter_card":"summary_large_image","schema":{"@context":"https:\/\/schema.org","@graph":[{"@type":"WebPage","@id":"https:\/\/shop.antigymnastique.com\/accueil\/","url":"https:\/\/shop.antigymnastique.com\/accueil\/","name":"Accueil - La Boutique Antigym","isPartOf":{"@id":"https:\/\/shop.antigymnastique.com\/#website"},"primaryImageOfPage":{"@id":"https:\/\/shop.antigymnastique.com\/accueil\/#primaryimage"},"image":{"@id":"https:\/\/shop.antigymnastique.com\/accueil\/#primaryimage"},"thumbnailUrl":"https:\/\/agshop.dev.kappuccino.net\/data\/uploads\/2024\/04\/home-shopag.jpg","datePublished":"2024-04-29T08:15:40+00:00","dateModified":"2024-04-29T08:21:29+00:00","breadcrumb":{"@id":"https:\/\/shop.antigymnastique.com\/accueil\/#breadcrumb"},"inLanguage":"pt-PT","potentialAction":[{"@type":"ReadAction","target":["https:\/\/shop.antigymnastique.com\/accueil\/"]}]},{"@type":"ImageObject","inLanguage":"pt-PT","@id":"https:\/\/shop.antigymnastique.com\/accueil\/#primaryimage","url":"https:\/\/agshop.dev.kappuccino.net\/data\/uploads\/2024\/04\/home-shopag.jpg","contentUrl":"https:\/\/agshop.dev.kappuccino.net\/data\/uploads\/2024\/04\/home-shopag.jpg"},{"@type":"BreadcrumbList","@id":"https:\/\/shop.antigymnastique.com\/accueil\/#breadcrumb","itemListElement":[{"@type":"ListItem","position":1,"name":"Home","item":"https:\/\/shop.antigymnastique.com\/pt-pt\/"},{"@type":"ListItem","position":2,"name":"Accueil"}]},{"@type":"WebSite","@id":"https:\/\/shop.antigymnastique.com\/#website","url":"https:\/\/shop.antigymnastique.com\/","name":"La Boutique Antigym","description":"La m\u00e9thode Th\u00e9r\u00e8se Bertherat","potentialAction":[{"@type":"SearchAction","target":{"@type":"EntryPoint","urlTemplate":"https:\/\/shop.antigymnastique.com\/?s={search_term_string}"},"query-input":{"@type":"PropertyValueSpecification","valueRequired":true,"valueName":"search_term_string"}}],"inLanguage":"pt-PT"}]}},"_links":{"self":[{"href":"https:\/\/shop.antigymnastique.com\/pt-pt\/wp-json\/wp\/v2\/pages\/2122","targetHints":{"allow":["GET"]}}],"collection":[{"href":"https:\/\/shop.antigymnastique.com\/pt-pt\/wp-json\/wp\/v2\/pages"}],"about":[{"href":"https:\/\/shop.antigymnastique.com\/pt-pt\/wp-json\/wp\/v2\/types\/page"}],"author":[{"embeddable":true,"href":"https:\/\/shop.antigymnastique.com\/pt-pt\/wp-json\/wp\/v2\/users\/2"}],"replies":[{"embeddable":true,"href":"https:\/\/shop.antigymnastique.com\/pt-pt\/wp-json\/wp\/v2\/comments?post=2122"}],"version-history":[{"count":1,"href":"https:\/\/shop.antigymnastique.com\/pt-pt\/wp-json\/wp\/v2\/pages\/2122\/revisions"}],"predecessor-version":[{"id":2123,"href":"https:\/\/shop.antigymnastique.com\/pt-pt\/wp-json\/wp\/v2\/pages\/2122\/revisions\/2123"}],"wp:attachment":[{"href":"https:\/\/shop.antigymnastique.com\/pt-pt\/wp-json\/wp\/v2\/media?parent=2122"}],"curies":[{"name":"wp","href":"https:\/\/api.w.org\/{rel}","templated":true}]}}