{"id":865,"date":"2024-01-19T15:05:07","date_gmt":"2024-01-19T14:05:07","guid":{"rendered":"https:\/\/agshop.dev.kappuccino.net\/contato\/"},"modified":"2024-03-25T16:19:13","modified_gmt":"2024-03-25T15:19:13","slug":"contato","status":"publish","type":"page","link":"https:\/\/shop.antigymnastique.com\/pt-pt\/contato\/","title":{"rendered":"Contato"},"content":{"rendered":"\t\t<div data-elementor-type=\"wp-page\" data-elementor-id=\"865\" class=\"elementor elementor-865 elementor-77\" data-elementor-post-type=\"page\">\n\t\t\t\t<div class=\"elementor-element elementor-element-0d56eb4 e-flex e-con-boxed e-con e-parent\" data-id=\"0d56eb4\" data-element_type=\"container\" data-e-type=\"container\">\n\t\t\t\t\t<div class=\"e-con-inner\">\n\t\t\t\t<div class=\"elementor-element elementor-element-3657b13 elementor-widget elementor-widget-text-editor\" data-id=\"3657b13\" data-element_type=\"widget\" data-e-type=\"widget\" data-widget_type=\"text-editor.default\">\n\t\t\t\t<div class=\"elementor-widget-container\">\n\t\t\t\t\t\t\t\t\t<p>N\u00e3o hesite em nos escrever, responderemos o mais r\u00e1pido poss\u00edvel.<br \/>Voc\u00ea tamb\u00e9m pode nos contatar por telefone no:<br \/><strong>+00 33 (0)1 40 46 92 19<\/strong><\/p>\n\t\t\t\t\t\t\t\t<\/div>\n\t\t\t\t<\/div>\n\t\t\t\t\t<\/div>\n\t\t\t\t<\/div>\n\t\t\t\t<\/div>\n\t\t","protected":false},"excerpt":{"rendered":"<p>N\u00e3o hesite em nos escrever, responderemos o mais r\u00e1pido poss\u00edvel.Voc\u00ea tamb\u00e9m pode nos contatar por telefone no:+00 33 (0)1 40 46 92 19 Nom, Pr\u00e9nom Votre adresse e-mail Objet Votre message<\/p>\n","protected":false},"author":2,"featured_media":0,"parent":0,"menu_order":0,"comment_status":"closed","ping_status":"closed","template":"","meta":{"_acf_changed":false,"footnotes":""},"class_list":["post-865","page","type-page","status-publish","hentry"],"acf":[],"yoast_head":"<!-- This site is optimized with the Yoast SEO plugin v27.4 - https:\/\/yoast.com\/product\/yoast-seo-wordpress\/ -->\n<title>Contato - La Boutique Antigym<\/title>\n<meta name=\"robots\" content=\"index, follow, max-snippet:-1, max-image-preview:large, max-video-preview:-1\" \/>\n<link rel=\"canonical\" href=\"https:\/\/shop.antigymnastique.com\/contact\/\" \/>\n<meta property=\"og:locale\" content=\"pt_PT\" \/>\n<meta property=\"og:type\" content=\"article\" \/>\n<meta property=\"og:title\" content=\"Contato - La Boutique Antigym\" \/>\n<meta property=\"og:description\" content=\"N\u00e3o hesite em nos escrever, responderemos o mais r\u00e1pido poss\u00edvel.Voc\u00ea tamb\u00e9m pode nos contatar por telefone no:+00 33 (0)1 40 46 92 19 Nom, Pr\u00e9nom Votre adresse e-mail Objet Votre message\" \/>\n<meta property=\"og:url\" content=\"https:\/\/shop.antigymnastique.com\/contact\/\" \/>\n<meta property=\"og:site_name\" content=\"La Boutique Antigym\" \/>\n<meta property=\"article:modified_time\" content=\"2024-03-25T15:19:13+00:00\" \/>\n<meta name=\"twitter:card\" content=\"summary_large_image\" \/>\n<script type=\"application\/ld+json\" class=\"yoast-schema-graph\">{\"@context\":\"https:\\\/\\\/schema.org\",\"@graph\":[{\"@type\":\"WebPage\",\"@id\":\"https:\\\/\\\/shop.antigymnastique.com\\\/contact\\\/\",\"url\":\"https:\\\/\\\/shop.antigymnastique.com\\\/contact\\\/\",\"name\":\"Contato - La Boutique Antigym\",\"isPartOf\":{\"@id\":\"https:\\\/\\\/shop.antigymnastique.com\\\/#website\"},\"datePublished\":\"2024-01-19T14:05:07+00:00\",\"dateModified\":\"2024-03-25T15:19:13+00:00\",\"breadcrumb\":{\"@id\":\"https:\\\/\\\/shop.antigymnastique.com\\\/contact\\\/#breadcrumb\"},\"inLanguage\":\"pt-PT\",\"potentialAction\":[{\"@type\":\"ReadAction\",\"target\":[\"https:\\\/\\\/shop.antigymnastique.com\\\/contact\\\/\"]}]},{\"@type\":\"BreadcrumbList\",\"@id\":\"https:\\\/\\\/shop.antigymnastique.com\\\/contact\\\/#breadcrumb\",\"itemListElement\":[{\"@type\":\"ListItem\",\"position\":1,\"name\":\"Home\",\"item\":\"https:\\\/\\\/shop.antigymnastique.com\\\/pt-pt\\\/\"},{\"@type\":\"ListItem\",\"position\":2,\"name\":\"Contato\"}]},{\"@type\":\"WebSite\",\"@id\":\"https:\\\/\\\/shop.antigymnastique.com\\\/#website\",\"url\":\"https:\\\/\\\/shop.antigymnastique.com\\\/\",\"name\":\"La Boutique Antigym\",\"description\":\"La m\u00e9thode Th\u00e9r\u00e8se Bertherat\",\"potentialAction\":[{\"@type\":\"SearchAction\",\"target\":{\"@type\":\"EntryPoint\",\"urlTemplate\":\"https:\\\/\\\/shop.antigymnastique.com\\\/?s={search_term_string}\"},\"query-input\":{\"@type\":\"PropertyValueSpecification\",\"valueRequired\":true,\"valueName\":\"search_term_string\"}}],\"inLanguage\":\"pt-PT\"}]}<\/script>\n<!-- \/ Yoast SEO plugin. -->","yoast_head_json":{"title":"Contato - La Boutique Antigym","robots":{"index":"index","follow":"follow","max-snippet":"max-snippet:-1","max-image-preview":"max-image-preview:large","max-video-preview":"max-video-preview:-1"},"canonical":"https:\/\/shop.antigymnastique.com\/contact\/","og_locale":"pt_PT","og_type":"article","og_title":"Contato - La Boutique Antigym","og_description":"N\u00e3o hesite em nos escrever, responderemos o mais r\u00e1pido poss\u00edvel.Voc\u00ea tamb\u00e9m pode nos contatar por telefone no:+00 33 (0)1 40 46 92 19 Nom, Pr\u00e9nom Votre adresse e-mail Objet Votre message","og_url":"https:\/\/shop.antigymnastique.com\/contact\/","og_site_name":"La Boutique Antigym","article_modified_time":"2024-03-25T15:19:13+00:00","twitter_card":"summary_large_image","schema":{"@context":"https:\/\/schema.org","@graph":[{"@type":"WebPage","@id":"https:\/\/shop.antigymnastique.com\/contact\/","url":"https:\/\/shop.antigymnastique.com\/contact\/","name":"Contato - La Boutique Antigym","isPartOf":{"@id":"https:\/\/shop.antigymnastique.com\/#website"},"datePublished":"2024-01-19T14:05:07+00:00","dateModified":"2024-03-25T15:19:13+00:00","breadcrumb":{"@id":"https:\/\/shop.antigymnastique.com\/contact\/#breadcrumb"},"inLanguage":"pt-PT","potentialAction":[{"@type":"ReadAction","target":["https:\/\/shop.antigymnastique.com\/contact\/"]}]},{"@type":"BreadcrumbList","@id":"https:\/\/shop.antigymnastique.com\/contact\/#breadcrumb","itemListElement":[{"@type":"ListItem","position":1,"name":"Home","item":"https:\/\/shop.antigymnastique.com\/pt-pt\/"},{"@type":"ListItem","position":2,"name":"Contato"}]},{"@type":"WebSite","@id":"https:\/\/shop.antigymnastique.com\/#website","url":"https:\/\/shop.antigymnastique.com\/","name":"La Boutique Antigym","description":"La m\u00e9thode Th\u00e9r\u00e8se Bertherat","potentialAction":[{"@type":"SearchAction","target":{"@type":"EntryPoint","urlTemplate":"https:\/\/shop.antigymnastique.com\/?s={search_term_string}"},"query-input":{"@type":"PropertyValueSpecification","valueRequired":true,"valueName":"search_term_string"}}],"inLanguage":"pt-PT"}]}},"_links":{"self":[{"href":"https:\/\/shop.antigymnastique.com\/pt-pt\/wp-json\/wp\/v2\/pages\/865","targetHints":{"allow":["GET"]}}],"collection":[{"href":"https:\/\/shop.antigymnastique.com\/pt-pt\/wp-json\/wp\/v2\/pages"}],"about":[{"href":"https:\/\/shop.antigymnastique.com\/pt-pt\/wp-json\/wp\/v2\/types\/page"}],"author":[{"embeddable":true,"href":"https:\/\/shop.antigymnastique.com\/pt-pt\/wp-json\/wp\/v2\/users\/2"}],"replies":[{"embeddable":true,"href":"https:\/\/shop.antigymnastique.com\/pt-pt\/wp-json\/wp\/v2\/comments?post=865"}],"version-history":[{"count":1,"href":"https:\/\/shop.antigymnastique.com\/pt-pt\/wp-json\/wp\/v2\/pages\/865\/revisions"}],"predecessor-version":[{"id":866,"href":"https:\/\/shop.antigymnastique.com\/pt-pt\/wp-json\/wp\/v2\/pages\/865\/revisions\/866"}],"wp:attachment":[{"href":"https:\/\/shop.antigymnastique.com\/pt-pt\/wp-json\/wp\/v2\/media?parent=865"}],"curies":[{"name":"wp","href":"https:\/\/api.w.org\/{rel}","templated":true}]}}