{"id":1121,"date":"2024-03-04T10:54:28","date_gmt":"2024-03-04T09:54:28","guid":{"rendered":"https:\/\/agshop.dev.kappuccino.net\/produit\/18e-1-doudou-1\/"},"modified":"2025-08-29T14:51:13","modified_gmt":"2025-08-29T12:51:13","slug":"18e-1-doudou-1","status":"publish","type":"product","link":"https:\/\/shop.antigymnastique.com\/pt-pt\/produit\/18e-1-doudou-1\/","title":{"rendered":"O &#8220;doudou&#8221; &#8211; 20\u20ac"},"content":{"rendered":"\t\t<div data-elementor-type=\"wp-post\" data-elementor-id=\"1121\" class=\"elementor elementor-1121 elementor-338\" data-elementor-post-type=\"product\">\n\t\t\t\t<div class=\"elementor-element elementor-element-a6230cf e-flex e-con-boxed e-con e-parent\" data-id=\"a6230cf\" data-element_type=\"container\" data-e-type=\"container\">\n\t\t\t\t\t<div class=\"e-con-inner\">\n\t\t\t\t<div class=\"elementor-element elementor-element-229efce elementor-widget elementor-widget-accordion\" data-id=\"229efce\" data-element_type=\"widget\" data-e-type=\"widget\" data-widget_type=\"accordion.default\">\n\t\t\t\t<div class=\"elementor-widget-container\">\n\t\t\t\t\t\t\t<div class=\"elementor-accordion\">\n\t\t\t\t\t\t\t<div class=\"elementor-accordion-item\">\n\t\t\t\t\t<div id=\"elementor-tab-title-3631\" class=\"elementor-tab-title\" data-tab=\"1\" role=\"button\" aria-controls=\"elementor-tab-content-3631\" aria-expanded=\"false\">\n\t\t\t\t\t\t\t\t\t\t\t\t\t<span class=\"elementor-accordion-icon elementor-accordion-icon-left\" aria-hidden=\"true\">\n\t\t\t\t\t\t\t\t\t\t\t\t\t\t\t<span class=\"elementor-accordion-icon-closed\"><svg class=\"e-font-icon-svg e-fas-plus\" viewBox=\"0 0 448 512\" xmlns=\"http:\/\/www.w3.org\/2000\/svg\"><path d=\"M416 208H272V64c0-17.67-14.33-32-32-32h-32c-17.67 0-32 14.33-32 32v144H32c-17.67 0-32 14.33-32 32v32c0 17.67 14.33 32 32 32h144v144c0 17.67 14.33 32 32 32h32c17.67 0 32-14.33 32-32V304h144c17.67 0 32-14.33 32-32v-32c0-17.67-14.33-32-32-32z\"><\/path><\/svg><\/span>\n\t\t\t\t\t\t\t\t<span class=\"elementor-accordion-icon-opened\"><svg class=\"e-font-icon-svg e-fas-minus\" viewBox=\"0 0 448 512\" xmlns=\"http:\/\/www.w3.org\/2000\/svg\"><path d=\"M416 208H32c-17.67 0-32 14.33-32 32v32c0 17.67 14.33 32 32 32h384c17.67 0 32-14.33 32-32v-32c0-17.67-14.33-32-32-32z\"><\/path><\/svg><\/span>\n\t\t\t\t\t\t\t\t\t\t\t\t\t\t<\/span>\n\t\t\t\t\t\t\t\t\t\t\t\t<a class=\"elementor-accordion-title\" tabindex=\"0\">Description<\/a>\n\t\t\t\t\t<\/div>\n\t\t\t\t\t<div id=\"elementor-tab-content-3631\" class=\"elementor-tab-content elementor-clearfix\" data-tab=\"1\" role=\"region\" aria-labelledby=\"elementor-tab-title-3631\"><p>Criado por Th\u00e9r\u00e8se Bertherat na d\u00e9cada de 1980, nosso &#8220;doudou&#8221; \u00e9 um encantador pequeno travesseiro em forma de cilindro.<\/p><p>Costurado \u00e0 m\u00e3o, em algod\u00e3o, ele \u00e9 preenchido com gr\u00e3os de espelta, a casca da mesma semente.<\/p><p>Nossos doudous s\u00e3o fabricados na Fran\u00e7a por uma Adapei (associa\u00e7\u00e3o de pais e amigos que militam em favor das pessoas com defici\u00eancia e suas fam\u00edlias).<\/p><p>\u00a0<\/p><p>Peso: 250 a 275 gramas \/ Comprimento: 19 cm \/ Di\u00e2metro: 11 cm<\/p><\/div>\n\t\t\t\t<\/div>\n\t\t\t\t\t\t\t\t<\/div>\n\t\t\t\t\t\t<\/div>\n\t\t\t\t<\/div>\n\t\t\t\t\t<\/div>\n\t\t\t\t<\/div>\n\t\t\t\t<\/div>\n\t\t","protected":false},"excerpt":{"rendered":"<p>O &#8220;doudou&#8221; \u00e9 um pequeno travesseiro encantador em forma de rolo, preenchido com gr\u00e3os de espelta.<\/p>\n","protected":false},"featured_media":5111,"template":"","meta":{"_acf_changed":false},"compta":[37],"product_cat":[92,91],"product_tag":[],"class_list":{"0":"post-1121","1":"product","2":"type-product","3":"status-publish","4":"has-post-thumbnail","6":"product_cat-acessorios-pt","7":"product_cat-loja","8":"product_shipping_class-xml-pt-pt","10":"first","11":"instock","12":"taxable","13":"shipping-taxable","14":"purchasable","15":"product-type-simple"},"acf":[],"yoast_head":"<!-- This site is optimized with the Yoast SEO plugin v27.3 - https:\/\/yoast.com\/product\/yoast-seo-wordpress\/ -->\n<title>O &quot;doudou&quot; - 20\u20ac - La Boutique Antigym<\/title>\n<meta name=\"robots\" content=\"index, follow, max-snippet:-1, max-image-preview:large, max-video-preview:-1\" \/>\n<link rel=\"canonical\" href=\"https:\/\/shop.antigymnastique.com\/pt-pt\/produit\/18e-1-doudou-1\/\" \/>\n<meta property=\"og:locale\" content=\"pt_PT\" \/>\n<meta property=\"og:type\" content=\"article\" \/>\n<meta property=\"og:title\" content=\"O &quot;doudou&quot; - 20\u20ac - La Boutique Antigym\" \/>\n<meta property=\"og:description\" content=\"O &quot;doudou&quot; \u00e9 um pequeno travesseiro encantador em forma de rolo, preenchido com gr\u00e3os de espelta.\" \/>\n<meta property=\"og:url\" content=\"https:\/\/shop.antigymnastique.com\/pt-pt\/produit\/18e-1-doudou-1\/\" \/>\n<meta property=\"og:site_name\" content=\"La Boutique Antigym\" \/>\n<meta property=\"article:modified_time\" content=\"2025-08-29T12:51:13+00:00\" \/>\n<meta property=\"og:image\" content=\"https:\/\/shop.antigymnastique.com\/data\/uploads\/2024\/03\/Site-AG-2025-Doudou-seul.jpg\" \/>\n\t<meta property=\"og:image:width\" content=\"380\" \/>\n\t<meta property=\"og:image:height\" content=\"380\" \/>\n\t<meta property=\"og:image:type\" content=\"image\/jpeg\" \/>\n<meta name=\"twitter:card\" content=\"summary_large_image\" \/>\n<meta name=\"twitter:label1\" content=\"Tempo estimado de leitura\" \/>\n\t<meta name=\"twitter:data1\" content=\"1 minuto\" \/>\n<script type=\"application\/ld+json\" class=\"yoast-schema-graph\">{\"@context\":\"https:\\\/\\\/schema.org\",\"@graph\":[{\"@type\":\"WebPage\",\"@id\":\"https:\\\/\\\/shop.antigymnastique.com\\\/pt-pt\\\/produit\\\/18e-1-doudou-1\\\/\",\"url\":\"https:\\\/\\\/shop.antigymnastique.com\\\/pt-pt\\\/produit\\\/18e-1-doudou-1\\\/\",\"name\":\"O \\\"doudou\\\" - 20\u20ac - La Boutique Antigym\",\"isPartOf\":{\"@id\":\"https:\\\/\\\/shop.antigymnastique.com\\\/#website\"},\"primaryImageOfPage\":{\"@id\":\"https:\\\/\\\/shop.antigymnastique.com\\\/pt-pt\\\/produit\\\/18e-1-doudou-1\\\/#primaryimage\"},\"image\":{\"@id\":\"https:\\\/\\\/shop.antigymnastique.com\\\/pt-pt\\\/produit\\\/18e-1-doudou-1\\\/#primaryimage\"},\"thumbnailUrl\":\"https:\\\/\\\/shop.antigymnastique.com\\\/data\\\/uploads\\\/2025\\\/09\\\/doudou.jpeg\",\"datePublished\":\"2024-03-04T09:54:28+00:00\",\"dateModified\":\"2025-08-29T12:51:13+00:00\",\"breadcrumb\":{\"@id\":\"https:\\\/\\\/shop.antigymnastique.com\\\/pt-pt\\\/produit\\\/18e-1-doudou-1\\\/#breadcrumb\"},\"inLanguage\":\"pt-PT\",\"potentialAction\":[{\"@type\":\"ReadAction\",\"target\":[\"https:\\\/\\\/shop.antigymnastique.com\\\/pt-pt\\\/produit\\\/18e-1-doudou-1\\\/\"]}]},{\"@type\":\"ImageObject\",\"inLanguage\":\"pt-PT\",\"@id\":\"https:\\\/\\\/shop.antigymnastique.com\\\/pt-pt\\\/produit\\\/18e-1-doudou-1\\\/#primaryimage\",\"url\":\"https:\\\/\\\/shop.antigymnastique.com\\\/data\\\/uploads\\\/2025\\\/09\\\/doudou.jpeg\",\"contentUrl\":\"https:\\\/\\\/shop.antigymnastique.com\\\/data\\\/uploads\\\/2025\\\/09\\\/doudou.jpeg\",\"width\":600,\"height\":600},{\"@type\":\"BreadcrumbList\",\"@id\":\"https:\\\/\\\/shop.antigymnastique.com\\\/pt-pt\\\/produit\\\/18e-1-doudou-1\\\/#breadcrumb\",\"itemListElement\":[{\"@type\":\"ListItem\",\"position\":1,\"name\":\"Home\",\"item\":\"https:\\\/\\\/shop.antigymnastique.com\\\/pt-pt\\\/\"},{\"@type\":\"ListItem\",\"position\":2,\"name\":\"Loja\",\"item\":\"https:\\\/\\\/shop.antigymnastique.com\\\/pt-pt\\\/\"},{\"@type\":\"ListItem\",\"position\":3,\"name\":\"O \u00ab\u00a0doudou\u00a0\u00bb &#8211; 20\u20ac\"}]},{\"@type\":\"WebSite\",\"@id\":\"https:\\\/\\\/shop.antigymnastique.com\\\/#website\",\"url\":\"https:\\\/\\\/shop.antigymnastique.com\\\/\",\"name\":\"La Boutique Antigym\",\"description\":\"La m\u00e9thode Th\u00e9r\u00e8se Bertherat\",\"potentialAction\":[{\"@type\":\"SearchAction\",\"target\":{\"@type\":\"EntryPoint\",\"urlTemplate\":\"https:\\\/\\\/shop.antigymnastique.com\\\/?s={search_term_string}\"},\"query-input\":{\"@type\":\"PropertyValueSpecification\",\"valueRequired\":true,\"valueName\":\"search_term_string\"}}],\"inLanguage\":\"pt-PT\"}]}<\/script>\n<!-- \/ Yoast SEO plugin. -->","yoast_head_json":{"title":"O \"doudou\" - 20\u20ac - La Boutique Antigym","robots":{"index":"index","follow":"follow","max-snippet":"max-snippet:-1","max-image-preview":"max-image-preview:large","max-video-preview":"max-video-preview:-1"},"canonical":"https:\/\/shop.antigymnastique.com\/pt-pt\/produit\/18e-1-doudou-1\/","og_locale":"pt_PT","og_type":"article","og_title":"O \"doudou\" - 20\u20ac - La Boutique Antigym","og_description":"O \"doudou\" \u00e9 um pequeno travesseiro encantador em forma de rolo, preenchido com gr\u00e3os de espelta.","og_url":"https:\/\/shop.antigymnastique.com\/pt-pt\/produit\/18e-1-doudou-1\/","og_site_name":"La Boutique Antigym","article_modified_time":"2025-08-29T12:51:13+00:00","og_image":[{"width":380,"height":380,"url":"https:\/\/shop.antigymnastique.com\/data\/uploads\/2024\/03\/Site-AG-2025-Doudou-seul.jpg","type":"image\/jpeg"}],"twitter_card":"summary_large_image","twitter_misc":{"Tempo estimado de leitura":"1 minuto"},"schema":{"@context":"https:\/\/schema.org","@graph":[{"@type":"WebPage","@id":"https:\/\/shop.antigymnastique.com\/pt-pt\/produit\/18e-1-doudou-1\/","url":"https:\/\/shop.antigymnastique.com\/pt-pt\/produit\/18e-1-doudou-1\/","name":"O \"doudou\" - 20\u20ac - La Boutique Antigym","isPartOf":{"@id":"https:\/\/shop.antigymnastique.com\/#website"},"primaryImageOfPage":{"@id":"https:\/\/shop.antigymnastique.com\/pt-pt\/produit\/18e-1-doudou-1\/#primaryimage"},"image":{"@id":"https:\/\/shop.antigymnastique.com\/pt-pt\/produit\/18e-1-doudou-1\/#primaryimage"},"thumbnailUrl":"https:\/\/shop.antigymnastique.com\/data\/uploads\/2025\/09\/doudou.jpeg","datePublished":"2024-03-04T09:54:28+00:00","dateModified":"2025-08-29T12:51:13+00:00","breadcrumb":{"@id":"https:\/\/shop.antigymnastique.com\/pt-pt\/produit\/18e-1-doudou-1\/#breadcrumb"},"inLanguage":"pt-PT","potentialAction":[{"@type":"ReadAction","target":["https:\/\/shop.antigymnastique.com\/pt-pt\/produit\/18e-1-doudou-1\/"]}]},{"@type":"ImageObject","inLanguage":"pt-PT","@id":"https:\/\/shop.antigymnastique.com\/pt-pt\/produit\/18e-1-doudou-1\/#primaryimage","url":"https:\/\/shop.antigymnastique.com\/data\/uploads\/2025\/09\/doudou.jpeg","contentUrl":"https:\/\/shop.antigymnastique.com\/data\/uploads\/2025\/09\/doudou.jpeg","width":600,"height":600},{"@type":"BreadcrumbList","@id":"https:\/\/shop.antigymnastique.com\/pt-pt\/produit\/18e-1-doudou-1\/#breadcrumb","itemListElement":[{"@type":"ListItem","position":1,"name":"Home","item":"https:\/\/shop.antigymnastique.com\/pt-pt\/"},{"@type":"ListItem","position":2,"name":"Loja","item":"https:\/\/shop.antigymnastique.com\/pt-pt\/"},{"@type":"ListItem","position":3,"name":"O \u00ab\u00a0doudou\u00a0\u00bb &#8211; 20\u20ac"}]},{"@type":"WebSite","@id":"https:\/\/shop.antigymnastique.com\/#website","url":"https:\/\/shop.antigymnastique.com\/","name":"La Boutique Antigym","description":"La m\u00e9thode Th\u00e9r\u00e8se Bertherat","potentialAction":[{"@type":"SearchAction","target":{"@type":"EntryPoint","urlTemplate":"https:\/\/shop.antigymnastique.com\/?s={search_term_string}"},"query-input":{"@type":"PropertyValueSpecification","valueRequired":true,"valueName":"search_term_string"}}],"inLanguage":"pt-PT"}]}},"_links":{"self":[{"href":"https:\/\/shop.antigymnastique.com\/pt-pt\/wp-json\/wp\/v2\/product\/1121","targetHints":{"allow":["GET"]}}],"collection":[{"href":"https:\/\/shop.antigymnastique.com\/pt-pt\/wp-json\/wp\/v2\/product"}],"about":[{"href":"https:\/\/shop.antigymnastique.com\/pt-pt\/wp-json\/wp\/v2\/types\/product"}],"version-history":[{"count":19,"href":"https:\/\/shop.antigymnastique.com\/pt-pt\/wp-json\/wp\/v2\/product\/1121\/revisions"}],"predecessor-version":[{"id":4897,"href":"https:\/\/shop.antigymnastique.com\/pt-pt\/wp-json\/wp\/v2\/product\/1121\/revisions\/4897"}],"wp:featuredmedia":[{"embeddable":true,"href":"https:\/\/shop.antigymnastique.com\/pt-pt\/wp-json\/wp\/v2\/media\/5111"}],"wp:attachment":[{"href":"https:\/\/shop.antigymnastique.com\/pt-pt\/wp-json\/wp\/v2\/media?parent=1121"}],"wp:term":[{"taxonomy":"compta","embeddable":true,"href":"https:\/\/shop.antigymnastique.com\/pt-pt\/wp-json\/wp\/v2\/compta?post=1121"},{"taxonomy":"product_cat","embeddable":true,"href":"https:\/\/shop.antigymnastique.com\/pt-pt\/wp-json\/wp\/v2\/product_cat?post=1121"},{"taxonomy":"product_tag","embeddable":true,"href":"https:\/\/shop.antigymnastique.com\/pt-pt\/wp-json\/wp\/v2\/product_tag?post=1121"}],"curies":[{"name":"wp","href":"https:\/\/api.w.org\/{rel}","templated":true}]}}